{"id":9915,"date":"2021-12-04T17:41:41","date_gmt":"2021-12-04T17:41:41","guid":{"rendered":"https:\/\/viaro.org\/?page_id=9915"},"modified":"2025-07-23T07:55:54","modified_gmt":"2025-07-23T07:55:54","slug":"viaro-alumni","status":"publish","type":"page","link":"https:\/\/viaro.org\/ca\/viaro-alumni\/","title":{"rendered":"Viar\u00f3 Alumni"},"content":{"rendered":"\n<div class=\"wp-block-columns is-layout-flex wp-container-core-columns-is-layout-9d6595d7 wp-block-columns-is-layout-flex\">\n<div class=\"wp-block-column is-layout-flow wp-block-column-is-layout-flow\"><\/div>\n\n\n\n<div class=\"wp-block-column is-layout-flow wp-block-column-is-layout-flow\" style=\"flex-basis:400px\">\n<figure class=\"wp-block-image size-full\"><img decoding=\"async\" width=\"1000\" height=\"1000\" src=\"https:\/\/viaro.org\/wp-content\/uploads\/2021\/12\/Viaro_Alumni.png\" alt=\"Viaro_Alumni\" class=\"wp-image-9893\" srcset=\"https:\/\/viaro.org\/wp-content\/uploads\/2021\/12\/Viaro_Alumni.png 1000w, https:\/\/viaro.org\/wp-content\/uploads\/2021\/12\/Viaro_Alumni-300x300.png 300w, https:\/\/viaro.org\/wp-content\/uploads\/2021\/12\/Viaro_Alumni-150x150.png 150w, https:\/\/viaro.org\/wp-content\/uploads\/2021\/12\/Viaro_Alumni-768x768.png 768w\" sizes=\"(max-width: 1000px) 100vw, 1000px\" \/><\/figure>\n<\/div>\n\n\n\n<div class=\"wp-block-column is-layout-flow wp-block-column-is-layout-flow\" style=\"flex-basis:500px\">\n<h4 class=\"wp-block-heading\">Benvingut a la comunitat de Viar\u00f3 Alumni<\/h4>\n\n\n\n<p><\/p>\n\n\n\n<p class=\"has-text-align-left\">Viar\u00f3 \u00e9s m\u00e9s que un col\u00b7legi. \u00c9s una forja de relacions i amistats que duren tota la vida i que veiem cr\u00e9ixer amb il\u00b7lusi\u00f3, any rere any amb cada promoci\u00f3 que es gradua. <\/p>\n\n\n\n<p class=\"has-text-align-left\">Amb l&#8217;objectiu d&#8217;afavorir aquestes relacions, Viar\u00f3 Alumni organitza, a trav\u00e9s dels seus delegats, trobades per a cada promoci\u00f3 i un conjunt d&#8217;activitats culturals i esportives que mantenen viu l&#8217;esperit de Viar\u00f3 m\u00e9s enll\u00e0 de l&#8217;escola. Tamb\u00e9 s&#8217;encarrega de difondre la informaci\u00f3 rellevant que li fan arribar els antics alumnes des de totes les parts del m\u00f3n. <\/p>\n\n\n\n<p class=\"has-text-align-left\">Gr\u00e0cies a les donacions que rep, Viar\u00f3 Alumni pot finan\u00e7ar les seves activitats i atorgar <a href=\"https:\/\/viaro.org\/ca\/preus-tarifes-i-beques\/\">beques<\/a> perqu\u00e8 alumnes amb menys recursos tinguin l&#8217;oportunitat d&#8217;estudiar a <a href=\"https:\/\/www.google.com\/maps\/place\/Viar%C3%B3+Global+School\/@41.4856954,2.0778966,15z\/data=!4m5!3m4!1s0x0:0xcedcfd7972da40e6!8m2!3d41.4856954!4d2.0778966\" target=\"_blank\" rel=\"noopener\">Viar\u00f3<\/a>.<\/p>\n\n\n\n<div class=\"wp-block-buttons is-content-justification-left is-layout-flex wp-container-core-buttons-is-layout-fdcfc74e wp-block-buttons-is-layout-flex\">\n<div class=\"wp-block-button is-style-fill\"><a class=\"wp-block-button__link has-white-color has-text-color has-background wp-element-button\" href=\"https:\/\/viaro.org\/viaro-alumni\/equipo-viaro-alumni\/\" style=\"border-radius:0px;background-color:#b2153f\"><strong>Junta i Delegats<\/strong><\/a><\/div>\n\n\n\n<div class=\"wp-block-button is-style-fill\"><a class=\"wp-block-button__link has-white-color has-text-color has-background wp-element-button\" href=\"https:\/\/viaro.org\/ca\/alumni-day-a-viaro\/\" style=\"border-radius:0px;background-color:#b2153f\" target=\"_blank\" rel=\"noreferrer noopener\"><strong>Alumni Day<\/strong><\/a><\/div>\n\n\n\n<div class=\"wp-block-button is-style-fill\"><a class=\"wp-block-button__link has-white-color has-text-color has-background wp-element-button\" href=\"https:\/\/fundaciovellametller.com\/beca-adan-excelencia\/\" style=\"border-radius:0px;background-color:#b2153f\" target=\"_blank\" rel=\"noreferrer noopener\"><strong>Beca Adan <\/strong><\/a><\/div>\n<\/div>\n<\/div>\n\n\n\n<div class=\"wp-block-column is-layout-flow wp-block-column-is-layout-flow\"><\/div>\n<\/div>\n\n\n\n<div style=\"height:38px\" aria-hidden=\"true\" class=\"wp-block-spacer\"><\/div>\n\n\n\n<div class=\"wp-block-columns is-layout-flex wp-container-core-columns-is-layout-9d6595d7 wp-block-columns-is-layout-flex\">\n<div class=\"wp-block-column is-layout-flow wp-block-column-is-layout-flow\" style=\"flex-basis:33.33%\">\n<h2 class=\"wp-block-heading has-text-align-center\">Col\u00b7labora amb Alumni<\/h2>\n\n\n\n<h4 class=\"wp-block-heading has-text-align-center\">i rebr\u00e0s aquest obsequi<\/h4>\n\n\n<div class=\"wp-block-image\">\n<figure class=\"aligncenter size-large is-resized\"><img decoding=\"async\" width=\"465\" height=\"1024\" src=\"https:\/\/viaro.org\/wp-content\/uploads\/2021\/12\/image003-465x1024.png\" alt=\"\" class=\"wp-image-9971\" style=\"width:202px;height:445px\" srcset=\"https:\/\/viaro.org\/wp-content\/uploads\/2021\/12\/image003-465x1024.png 465w, https:\/\/viaro.org\/wp-content\/uploads\/2021\/12\/image003-136x300.png 136w, https:\/\/viaro.org\/wp-content\/uploads\/2021\/12\/image003.png 491w\" sizes=\"(max-width: 465px) 100vw, 465px\" \/><\/figure><\/div><\/div>\n\n\n\n<div class=\"wp-block-column is-layout-flow wp-block-column-is-layout-flow\" style=\"flex-basis:66.66%\">\n<div class=\"wpcf7 no-js\" id=\"wpcf7-f9966-o1\" lang=\"es-ES\" dir=\"ltr\" data-wpcf7-id=\"9966\">\n<div class=\"screen-reader-response\"><p role=\"status\" aria-live=\"polite\" aria-atomic=\"true\"><\/p> <ul><\/ul><\/div>\n<form action=\"\/ca\/wp-json\/wp\/v2\/pages\/9915#wpcf7-f9966-o1\" method=\"post\" class=\"wpcf7-form init\" aria-label=\"Formulario de contacto\" novalidate=\"novalidate\" data-status=\"init\">\n<fieldset class=\"hidden-fields-container\"><input type=\"hidden\" name=\"_wpcf7\" value=\"9966\" \/><input type=\"hidden\" name=\"_wpcf7_version\" value=\"6.1.5\" \/><input type=\"hidden\" name=\"_wpcf7_locale\" value=\"es_ES\" \/><input type=\"hidden\" name=\"_wpcf7_unit_tag\" value=\"wpcf7-f9966-o1\" \/><input type=\"hidden\" name=\"_wpcf7_container_post\" value=\"0\" \/><input type=\"hidden\" name=\"_wpcf7_posted_data_hash\" value=\"\" \/><input type=\"hidden\" name=\"_wpcf7_recaptcha_response\" value=\"\" \/>\n<\/fieldset>\n<p>DATOS PERSONALES\n<\/p>\n<p><span class=\"wpcf7-form-control-wrap\" data-name=\"apellidos\"><input size=\"40\" maxlength=\"400\" class=\"wpcf7-form-control wpcf7-text wpcf7-validates-as-required\" aria-required=\"true\" aria-invalid=\"false\" placeholder=\"Apellidos\" value=\"\" type=\"text\" name=\"apellidos\" \/><\/span><span class=\"wpcf7-form-control-wrap\" data-name=\"nombre\"><input size=\"40\" maxlength=\"400\" class=\"wpcf7-form-control wpcf7-text wpcf7-validates-as-required\" aria-required=\"true\" aria-invalid=\"false\" placeholder=\"Nombre\" value=\"\" type=\"text\" name=\"nombre\" \/><\/span>\n<\/p>\n<p><span class=\"wpcf7-form-control-wrap\" data-name=\"Promocion\"><input size=\"40\" maxlength=\"400\" class=\"wpcf7-form-control wpcf7-text wpcf7-validates-as-required\" aria-required=\"true\" aria-invalid=\"false\" placeholder=\"Promoci\u00f3n\" value=\"\" type=\"text\" name=\"Promocion\" \/><\/span><span class=\"wpcf7-form-control-wrap\" data-name=\"email\"><input size=\"40\" maxlength=\"400\" class=\"wpcf7-form-control wpcf7-email wpcf7-validates-as-required wpcf7-text wpcf7-validates-as-email\" aria-required=\"true\" aria-invalid=\"false\" placeholder=\"Correo electr\u00f3nico\" value=\"\" type=\"email\" name=\"email\" \/><\/span>\n<\/p>\n<p><span class=\"wpcf7-form-control-wrap\" data-name=\"movil\"><input size=\"40\" maxlength=\"400\" class=\"wpcf7-form-control wpcf7-tel wpcf7-validates-as-required wpcf7-text wpcf7-validates-as-tel\" aria-required=\"true\" aria-invalid=\"false\" placeholder=\"M\u00f3vil\" value=\"\" type=\"tel\" name=\"movil\" \/><\/span><span class=\"wpcf7-form-control-wrap\" data-name=\"DNI\"><input size=\"40\" maxlength=\"400\" class=\"wpcf7-form-control wpcf7-text wpcf7-validates-as-required\" aria-required=\"true\" aria-invalid=\"false\" placeholder=\"12345678A\" value=\"\" type=\"text\" name=\"DNI\" \/><\/span>\n<\/p>\n<p>DONATIVO FUNDACI\u00d3N VELL AMETLLER - DOMICILIACI\u00d3N BANCARIA\n<\/p>\n<p><span class=\"wpcf7-form-control-wrap\" data-name=\"titular\"><input size=\"40\" maxlength=\"400\" class=\"wpcf7-form-control wpcf7-text wpcf7-validates-as-required\" aria-required=\"true\" aria-invalid=\"false\" placeholder=\"Titular\" value=\"\" type=\"text\" name=\"titular\" \/><\/span><span class=\"wpcf7-form-control-wrap\" data-name=\"entidad\"><input size=\"40\" maxlength=\"400\" class=\"wpcf7-form-control wpcf7-text wpcf7-validates-as-required\" aria-required=\"true\" aria-invalid=\"false\" placeholder=\"Entidad\" value=\"\" type=\"text\" name=\"entidad\" \/><\/span>\n<\/p>\n<p><span class=\"wpcf7-form-control-wrap\" data-name=\"IBAN\"><input size=\"40\" maxlength=\"400\" class=\"wpcf7-form-control wpcf7-text wpcf7-validates-as-required\" aria-required=\"true\" aria-invalid=\"false\" placeholder=\"IBAN\" value=\"\" type=\"text\" name=\"IBAN\" \/><\/span><span class=\"wpcf7-form-control-wrap\" data-name=\"SWIFT\"><input size=\"40\" maxlength=\"400\" class=\"wpcf7-form-control wpcf7-text\" aria-invalid=\"false\" placeholder=\"SWIFT\/BIC (solo internacional)\" value=\"\" type=\"text\" name=\"SWIFT\" \/><\/span>\n<\/p>\n<p>APORTACI\u00d3N\n<\/p>\n<p><span class=\"wpcf7-form-control-wrap\" data-name=\"Aportacion\"><span class=\"wpcf7-form-control wpcf7-checkbox wpcf7-validates-as-required wpcf7-exclusive-checkbox\"><span class=\"wpcf7-list-item first\"><label><input type=\"checkbox\" name=\"Aportacion\" value=\"Aportaci\u00f3n M\u00ednima 55 \u20ac \/a\u00f1o\" \/><span class=\"wpcf7-list-item-label\">Aportaci\u00f3n M\u00ednima 55 \u20ac \/a\u00f1o<\/span><\/label><\/span><span class=\"wpcf7-list-item last\"><label><input type=\"checkbox\" name=\"Aportacion\" value=\"Otra cantidad \/a\u00f1o\" \/><span class=\"wpcf7-list-item-label\">Otra cantidad \/a\u00f1o<\/span><\/label><\/span><\/span><\/span>\n<\/p>\n<p><span class=\"wpcf7-form-control-wrap\" data-name=\"cantidad\"><input size=\"40\" maxlength=\"400\" class=\"wpcf7-form-control wpcf7-text\" aria-invalid=\"false\" placeholder=\"Aportaci\u00f3n (si has seleccionado otra cantidad)\" value=\"\" type=\"text\" name=\"cantidad\" \/><\/span>\n<\/p>\n<p><label class=\"checkbox\"><br \/>\n<span class=\"wpcf7-form-control-wrap\" data-name=\"privacidad\"><span class=\"wpcf7-form-control wpcf7-acceptance\"><span class=\"wpcf7-list-item\"><label><input type=\"checkbox\" name=\"privacidad\" value=\"1\" class=\"checkbox\" aria-invalid=\"false\" \/><span class=\"wpcf7-list-item-label\"><span class=\"checkmark\"><\/span><span class=\"text\">He leido y acepto las <a href=\"\/aviso-legal\" target=\"_blank\">condiciones legales<\/a> y <a href=\"\/politica-privacidad\">politica de privacidad<\/a><\/span><\/span><\/label><\/span><\/span><\/span><br \/>\n<\/label>\n<\/p>\n\n<p><input class=\"wpcf7-form-control wpcf7-submit has-spinner\" type=\"submit\" value=\"Enviar\" \/>\n<\/p><div class=\"wpcf7-response-output\" aria-hidden=\"true\"><\/div>\n<\/form>\n<\/div>\n\n<\/div>\n<\/div>\n","protected":false},"excerpt":{"rendered":"<p>Benvingut a la comunitat de Viar\u00f3 Alumni Viar\u00f3 \u00e9s m\u00e9s que un col\u00b7legi. \u00c9s una forja de relacions i amistats que duren tota la vida i que veiem cr\u00e9ixer amb il\u00b7lusi\u00f3, any rere any amb cada promoci\u00f3 que es gradua. Amb l&#8217;objectiu d&#8217;afavorir aquestes relacions, Viar\u00f3 Alumni organitza, a trav\u00e9s dels seus delegats, trobades per [&hellip;]<\/p>\n","protected":false},"author":12,"featured_media":1004,"parent":0,"menu_order":0,"comment_status":"closed","ping_status":"closed","template":"","meta":{"_uag_custom_page_level_css":"","_joinchat":[],"footnotes":""},"class_list":["post-9915","page","type-page","status-publish","has-post-thumbnail","hentry"],"uagb_featured_image_src":{"full":["https:\/\/viaro.org\/wp-content\/uploads\/2018\/11\/header-seniors.jpg",2880,752,false],"thumbnail":["https:\/\/viaro.org\/wp-content\/uploads\/2018\/11\/header-seniors-150x150.jpg",150,150,true],"medium":["https:\/\/viaro.org\/wp-content\/uploads\/2018\/11\/header-seniors-300x78.jpg",300,78,true],"medium_large":["https:\/\/viaro.org\/wp-content\/uploads\/2018\/11\/header-seniors-768x201.jpg",640,168,true],"large":["https:\/\/viaro.org\/wp-content\/uploads\/2018\/11\/header-seniors-1024x267.jpg",640,167,true],"1536x1536":["https:\/\/viaro.org\/wp-content\/uploads\/2018\/11\/header-seniors.jpg",1536,401,false],"2048x2048":["https:\/\/viaro.org\/wp-content\/uploads\/2018\/11\/header-seniors.jpg",2048,535,false],"related-content":["https:\/\/viaro.org\/wp-content\/uploads\/2018\/11\/header-seniors-297x167.jpg",297,167,true]},"uagb_author_info":{"display_name":"Ignacio Malmierca","author_link":"https:\/\/viaro.org\/ca\/author\/imalmierca\/"},"uagb_comment_info":0,"uagb_excerpt":"Benvingut a la comunitat de Viar\u00f3 Alumni Viar\u00f3 \u00e9s m\u00e9s que un col\u00b7legi. \u00c9s una forja de relacions i amistats que duren tota la vida i que veiem cr\u00e9ixer amb il\u00b7lusi\u00f3, any rere any amb cada promoci\u00f3 que es gradua. Amb l&#8217;objectiu d&#8217;afavorir aquestes relacions, Viar\u00f3 Alumni organitza, a trav\u00e9s dels seus delegats, trobades per&hellip;","_links":{"self":[{"href":"https:\/\/viaro.org\/ca\/wp-json\/wp\/v2\/pages\/9915","targetHints":{"allow":["GET"]}}],"collection":[{"href":"https:\/\/viaro.org\/ca\/wp-json\/wp\/v2\/pages"}],"about":[{"href":"https:\/\/viaro.org\/ca\/wp-json\/wp\/v2\/types\/page"}],"author":[{"embeddable":true,"href":"https:\/\/viaro.org\/ca\/wp-json\/wp\/v2\/users\/12"}],"replies":[{"embeddable":true,"href":"https:\/\/viaro.org\/ca\/wp-json\/wp\/v2\/comments?post=9915"}],"version-history":[{"count":23,"href":"https:\/\/viaro.org\/ca\/wp-json\/wp\/v2\/pages\/9915\/revisions"}],"predecessor-version":[{"id":25022,"href":"https:\/\/viaro.org\/ca\/wp-json\/wp\/v2\/pages\/9915\/revisions\/25022"}],"wp:featuredmedia":[{"embeddable":true,"href":"https:\/\/viaro.org\/ca\/wp-json\/wp\/v2\/media\/1004"}],"wp:attachment":[{"href":"https:\/\/viaro.org\/ca\/wp-json\/wp\/v2\/media?parent=9915"}],"curies":[{"name":"wp","href":"https:\/\/api.w.org\/{rel}","templated":true}]}}