{"id":1336,"date":"2018-09-26T10:18:29","date_gmt":"2018-09-26T10:18:29","guid":{"rendered":"http:\/\/viaro.org\/colegio\/instalaciones\/"},"modified":"2021-04-07T08:26:25","modified_gmt":"2021-04-07T08:26:25","slug":"facilities","status":"publish","type":"page","link":"https:\/\/viaro.org\/en\/facilities\/","title":{"rendered":"Facilities"},"content":{"rendered":"\n<figure class=\"wp-block-embed-youtube wp-block-embed is-type-video is-provider-youtube wp-embed-aspect-16-9 wp-has-aspect-ratio\"><div class=\"wp-block-embed__wrapper\">\n<div class=\"epyt-video-wrapper\"><div  style=\"display: block; margin: 0px auto;\"  id=\"_ytid_64460\"  width=\"800\" height=\"450\"  data-origwidth=\"800\" data-origheight=\"450\" data-facadesrc=\"https:\/\/www.youtube.com\/embed\/NOK89A5xTfk?enablejsapi=1&#038;autoplay=0&#038;cc_load_policy=0&#038;cc_lang_pref=&#038;iv_load_policy=3&#038;loop=0&#038;rel=0&#038;fs=1&#038;playsinline=0&#038;autohide=2&#038;theme=dark&#038;color=white&#038;controls=1&#038;disablekb=0&#038;\" class=\"__youtube_prefs__ epyt-facade epyt-is-override  no-lazyload\" data-epautoplay=\"1\" ><img decoding=\"async\" data-spai-excluded=\"true\" class=\"epyt-facade-poster skip-lazy\" loading=\"lazy\"  alt=\"YouTube player\"  src=\"https:\/\/i.ytimg.com\/vi\/NOK89A5xTfk\/maxresdefault.jpg\"  \/><button class=\"epyt-facade-play\" aria-label=\"Play\"><svg data-no-lazy=\"1\" height=\"100%\" version=\"1.1\" viewBox=\"0 0 68 48\" width=\"100%\"><path class=\"ytp-large-play-button-bg\" d=\"M66.52,7.74c-0.78-2.93-2.49-5.41-5.42-6.19C55.79,.13,34,0,34,0S12.21,.13,6.9,1.55 C3.97,2.33,2.27,4.81,1.48,7.74C0.06,13.05,0,24,0,24s0.06,10.95,1.48,16.26c0.78,2.93,2.49,5.41,5.42,6.19 C12.21,47.87,34,48,34,48s21.79-0.13,27.1-1.55c2.93-0.78,4.64-3.26,5.42-6.19C67.94,34.95,68,24,68,24S67.94,13.05,66.52,7.74z\" fill=\"#f00\"><\/path><path d=\"M 45,24 27,14 27,34\" fill=\"#fff\"><\/path><\/svg><\/button><\/div><\/div>\n<\/div><\/figure>\n<h3 class=\"wp-block-heading\">If walls could speak, they would tell many things.<\/h3>\n\n<p>Spaces play a very important role in our lives and, therefore, we value and take care of them: we keep them tidy, clean, well decorated: always at the ready.<\/p>\n\n<p>If there is a place where these spaces become more important, it is in a school. Students spend a third of their childhood and adolescence life in a school, so they need to be able to develop and learn in a favorable and enriching environment.<\/p>\n\n<h3 class=\"wp-block-heading\">A pavilion for each stage<\/h3>\n\n<p>At Viar\u00f3 Global School, we have different buildings, in which there are classrooms, offices and learning spaces for each stage.<\/p>\n\n<ul class=\"wp-block-list\"><li><strong>Infantil Hexagons building:<\/strong> It is the space for students from 0 to 6 years old, with specialized classrooms adapted to each age.<\/li><\/ul>\n<h4 class=\"wp-block-heading\">More information about Nursery School facilites of Viar\u00f3 Infantil <a href=\"https:\/\/viaro.org\/en\/open-house-infantil\/\">by clicking here.<\/a><\/h4>\n\n<ul class=\"wp-block-list\"><li><strong>Primary Hexagons building:<\/strong> The building for the first three grades of Primary, with classrooms and common spaces, such as the reading space.<\/li><li><strong>Primary Pines building:<\/strong> The building for the last three years of Primary, with more specialized classrooms (music, STEAM, reading &#8230;).<\/li><li><strong>Almond tree building Secondary:<\/strong> The oldest building in the Campus &#8211; recently renovated. Here the arts and robotics are especially promoted, with spaces dedicated to them.<\/li><li><strong>Baccalaureate Shield building:<\/strong> In this building the students of the two Baccalaureate courses coexist, in a study environment oriented to specialization and practical learning: with STEAM science laboratories and classrooms for the promotion of audiovisual culture.<\/li><li><strong>Physical Education Pavilion:<\/strong> Offices, changing rooms and the necessary material to carry out physical activity, surrounded by extensive sports facilities.<\/li><li><strong>Central pavilion:<\/strong> With interview rooms, meeting spaces and different services: library, reprography, boardroom&#8230; etc.<\/li><\/ul>\n<h3 class=\"wp-block-heading\">Spaces to serve<\/h3>\n\n<p>The different school services that we offer are developed in spaces designed for them. In addition to the stage pavilions, we have these service spaces:<\/p>\n\n<ul class=\"wp-block-list\"><li>Concert hall<\/li><li>Own kitchen and 2 dining rooms<\/li><li>Oratory<\/li><li>Conference room<\/li><\/ul>\n<h3 class=\"wp-block-heading\">Sport facilities<\/h3>\n\n<p>One of the most important activities for us is physical education. Aware of the importance of having adequate sports facilities, we have different spaces for curricular and extracurricular sports:<\/p>\n\n<ul class=\"wp-block-list\"><li>3 soccer fields of artificial grass<\/li><li>1 outdoor soccer field 5<\/li><li>1 sports pavillion<\/li><li>1 running track<\/li><li> 2 basketball courts<\/li><li> 1 volleyball court<\/li><\/ul>\n<h4 class=\"wp-block-heading\">Would you like to see the facilities live? <a href=\"https:\/\/viaro.org\/admisiones\/\">Ask for a personalized interview by clicking here<\/a>.<\/h4>\n","protected":false},"excerpt":{"rendered":"<p>If walls could speak, they would tell many things. Spaces play a very important role in our lives and, therefore, we value and take care of them: we keep them tidy, clean, well decorated: always at the ready. If there is a place where these spaces become more important, it is in a school. Students [&hellip;]<\/p>\n","protected":false},"author":11,"featured_media":1758,"parent":0,"menu_order":0,"comment_status":"closed","ping_status":"closed","template":"template-ibsc.php","meta":{"_uag_custom_page_level_css":"","_joinchat":[],"footnotes":""},"class_list":["post-1336","page","type-page","status-publish","has-post-thumbnail","hentry"],"uagb_featured_image_src":{"full":["https:\/\/viaro.org\/wp-content\/uploads\/2019\/03\/Instalaciones_Viar\u00f3.jpg",3840,2160,false],"thumbnail":["https:\/\/viaro.org\/wp-content\/uploads\/2019\/03\/Instalaciones_Viar\u00f3-150x150.jpg",150,150,true],"medium":["https:\/\/viaro.org\/wp-content\/uploads\/2019\/03\/Instalaciones_Viar\u00f3-300x169.jpg",300,169,true],"medium_large":["https:\/\/viaro.org\/wp-content\/uploads\/2019\/03\/Instalaciones_Viar\u00f3-768x432.jpg",640,360,true],"large":["https:\/\/viaro.org\/wp-content\/uploads\/2019\/03\/Instalaciones_Viar\u00f3-1024x576.jpg",640,360,true],"1536x1536":["https:\/\/viaro.org\/wp-content\/uploads\/2019\/03\/Instalaciones_Viar\u00f3.jpg",1536,864,false],"2048x2048":["https:\/\/viaro.org\/wp-content\/uploads\/2019\/03\/Instalaciones_Viar\u00f3.jpg",2048,1152,false],"related-content":["https:\/\/viaro.org\/wp-content\/uploads\/2019\/03\/Instalaciones_Viar\u00f3-297x167.jpg",297,167,true]},"uagb_author_info":{"display_name":"Comunicaci\u00f3 Viar\u00f3","author_link":"https:\/\/viaro.org\/en\/author\/viarocom\/"},"uagb_comment_info":0,"uagb_excerpt":"If walls could speak, they would tell many things. Spaces play a very important role in our lives and, therefore, we value and take care of them: we keep them tidy, clean, well decorated: always at the ready. If there is a place where these spaces become more important, it is in a school. Students&hellip;","_links":{"self":[{"href":"https:\/\/viaro.org\/en\/wp-json\/wp\/v2\/pages\/1336","targetHints":{"allow":["GET"]}}],"collection":[{"href":"https:\/\/viaro.org\/en\/wp-json\/wp\/v2\/pages"}],"about":[{"href":"https:\/\/viaro.org\/en\/wp-json\/wp\/v2\/types\/page"}],"author":[{"embeddable":true,"href":"https:\/\/viaro.org\/en\/wp-json\/wp\/v2\/users\/11"}],"replies":[{"embeddable":true,"href":"https:\/\/viaro.org\/en\/wp-json\/wp\/v2\/comments?post=1336"}],"version-history":[{"count":43,"href":"https:\/\/viaro.org\/en\/wp-json\/wp\/v2\/pages\/1336\/revisions"}],"predecessor-version":[{"id":7943,"href":"https:\/\/viaro.org\/en\/wp-json\/wp\/v2\/pages\/1336\/revisions\/7943"}],"wp:featuredmedia":[{"embeddable":true,"href":"https:\/\/viaro.org\/en\/wp-json\/wp\/v2\/media\/1758"}],"wp:attachment":[{"href":"https:\/\/viaro.org\/en\/wp-json\/wp\/v2\/media?parent=1336"}],"curies":[{"name":"wp","href":"https:\/\/api.w.org\/{rel}","templated":true}]}}