{"id":1343,"date":"2018-09-26T10:30:14","date_gmt":"2018-09-26T10:30:14","guid":{"rendered":"http:\/\/viaro.org\/contacto-2\/trabaja-con-nosotros\/"},"modified":"2024-10-29T14:15:43","modified_gmt":"2024-10-29T14:15:43","slug":"trabaja-con-nosotros","status":"publish","type":"page","link":"https:\/\/viaro.org\/en\/contacto-2\/trabaja-con-nosotros\/","title":{"rendered":"Trabaja con Nosotros"},"content":{"rendered":"\n<div class=\"wp-block-columns is-layout-flex wp-container-core-columns-is-layout-9d6595d7 wp-block-columns-is-layout-flex\">\n<div class=\"wp-block-column is-layout-flow wp-block-column-is-layout-flow\">\n<h4 class=\"wp-block-heading has-text-align-center\"><strong>\u00bfTe gustar\u00eda trabajar <a href=\"https:\/\/www.google.com\/maps\/place\/Viar%C3%B3+Global+School\/@41.4856954,2.0778966,15z\/data=!4m2!3m1!1s0x0:0xcedcfd7972da40e6?sa=X&amp;ved=2ahUKEwi1htzDs4v1AhUQKuwKHUXFBdkQ_BJ6BAgtEAU\" data-type=\"URL\" data-id=\"https:\/\/www.google.com\/maps\/place\/Viar%C3%B3+Global+School\/@41.4856954,2.0778966,15z\/data=!4m2!3m1!1s0x0:0xcedcfd7972da40e6?sa=X&amp;ved=2ahUKEwi1htzDs4v1AhUQKuwKHUXFBdkQ_BJ6BAgtEAU\" target=\"_blank\" rel=\"noreferrer noopener\">en Viar\u00f3<\/a>?<\/strong><\/h4>\n\n\n\n<div style=\"height:20px\" aria-hidden=\"true\" class=\"wp-block-spacer\"><\/div>\n\n\n\n<h3 class=\"wp-block-heading has-text-align-left\">Trabaja con nosotros, env\u00eda tu curr\u00edculum<\/h3>\n\n\n\n<p class=\"has-text-align-left has-medium-font-size\">Facil\u00edtanos tus datos (nombre, apellidos, correo electr\u00f3nico y tel\u00e9fono de contacto) junto con tu Curriculum Vitae a <strong><a href=\"mailto:rrhh@viaro.org\">rrhh@viaro.org<\/a><\/strong><\/p>\n\n\n\n<div style=\"height:41px\" aria-hidden=\"true\" class=\"wp-block-spacer\"><\/div>\n\n\n\n<h3 class=\"wp-block-heading\">Actualmente, tenemos las siguientes ofertas de trabajo activas<\/h3>\n\n\n\n<hr class=\"wp-block-separator has-text-color has-alpha-channel-opacity has-background\" style=\"background-color:#b2153f;color:#b2153f\"\/>\n\n\n\n<h4 class=\"wp-block-heading has-text-color has-link-color wp-elements-b2dd5d6f27baa5a25f090ef7ee9950a7\" style=\"color:#b2153f\"><strong>Puesto<\/strong><\/h4>\n\n\n\n<ul class=\"wp-block-list\">\n<li><strong>Funciones<\/strong>:\n<ul class=\"wp-block-list\">\n<li>Informaci\u00f3n<\/li>\n<\/ul>\n<\/li>\n<\/ul>\n\n\n\n<hr class=\"wp-block-separator has-text-color has-alpha-channel-opacity has-background\" style=\"background-color:#b2153f;color:#b2153f\"\/>\n\n\n\n<h4 class=\"wp-block-heading\">No se han encontrado m\u00e1s ofertas<\/h4>\n<\/div>\n<\/div>\n","protected":false},"excerpt":{"rendered":"<p>\u00bfTe gustar\u00eda trabajar en Viar\u00f3? Trabaja con nosotros, env\u00eda tu curr\u00edculum Facil\u00edtanos tus datos (nombre, apellidos, correo electr\u00f3nico y tel\u00e9fono de contacto) junto con tu Curriculum Vitae a rrhh@viaro.org Actualmente, tenemos las siguientes ofertas de trabajo activas Puesto No se han encontrado m\u00e1s ofertas<\/p>\n","protected":false},"author":2,"featured_media":604,"parent":1341,"menu_order":0,"comment_status":"closed","ping_status":"closed","template":"template-blocks.php","meta":{"_uag_custom_page_level_css":"","_joinchat":[],"footnotes":""},"class_list":["post-1343","page","type-page","status-publish","has-post-thumbnail","hentry"],"uagb_featured_image_src":{"full":["https:\/\/viaro.org\/wp-content\/uploads\/2018\/11\/header-contacto.jpg",2880,752,false],"thumbnail":["https:\/\/viaro.org\/wp-content\/uploads\/2018\/11\/header-contacto-150x150.jpg",150,150,true],"medium":["https:\/\/viaro.org\/wp-content\/uploads\/2018\/11\/header-contacto-300x78.jpg",300,78,true],"medium_large":["https:\/\/viaro.org\/wp-content\/uploads\/2018\/11\/header-contacto-768x201.jpg",640,168,true],"large":["https:\/\/viaro.org\/wp-content\/uploads\/2018\/11\/header-contacto-1024x267.jpg",640,167,true],"1536x1536":["https:\/\/viaro.org\/wp-content\/uploads\/2018\/11\/header-contacto.jpg",1536,401,false],"2048x2048":["https:\/\/viaro.org\/wp-content\/uploads\/2018\/11\/header-contacto.jpg",2048,535,false],"related-content":["https:\/\/viaro.org\/wp-content\/uploads\/2018\/11\/header-contacto-297x167.jpg",297,167,true]},"uagb_author_info":{"display_name":"","author_link":"https:\/\/viaro.org\/en\/author\/"},"uagb_comment_info":0,"uagb_excerpt":"\u00bfTe gustar\u00eda trabajar en Viar\u00f3? Trabaja con nosotros, env\u00eda tu curr\u00edculum Facil\u00edtanos tus datos (nombre, apellidos, correo electr\u00f3nico y tel\u00e9fono de contacto) junto con tu Curriculum Vitae a rrhh@viaro.org Actualmente, tenemos las siguientes ofertas de trabajo activas Puesto No se han encontrado m\u00e1s ofertas","_links":{"self":[{"href":"https:\/\/viaro.org\/en\/wp-json\/wp\/v2\/pages\/1343","targetHints":{"allow":["GET"]}}],"collection":[{"href":"https:\/\/viaro.org\/en\/wp-json\/wp\/v2\/pages"}],"about":[{"href":"https:\/\/viaro.org\/en\/wp-json\/wp\/v2\/types\/page"}],"author":[{"embeddable":true,"href":"https:\/\/viaro.org\/en\/wp-json\/wp\/v2\/users\/2"}],"replies":[{"embeddable":true,"href":"https:\/\/viaro.org\/en\/wp-json\/wp\/v2\/comments?post=1343"}],"version-history":[{"count":44,"href":"https:\/\/viaro.org\/en\/wp-json\/wp\/v2\/pages\/1343\/revisions"}],"predecessor-version":[{"id":23454,"href":"https:\/\/viaro.org\/en\/wp-json\/wp\/v2\/pages\/1343\/revisions\/23454"}],"up":[{"embeddable":true,"href":"https:\/\/viaro.org\/en\/wp-json\/wp\/v2\/pages\/1341"}],"wp:featuredmedia":[{"embeddable":true,"href":"https:\/\/viaro.org\/en\/wp-json\/wp\/v2\/media\/604"}],"wp:attachment":[{"href":"https:\/\/viaro.org\/en\/wp-json\/wp\/v2\/media?parent=1343"}],"curies":[{"name":"wp","href":"https:\/\/api.w.org\/{rel}","templated":true}]}}