{"id":1360,"date":"2018-07-04T14:21:22","date_gmt":"2018-07-04T14:21:22","guid":{"rendered":"http:\/\/viaro.org\/politica-privacidad\/"},"modified":"2020-12-03T13:36:36","modified_gmt":"2020-12-03T13:36:36","slug":"politica-privacidad","status":"publish","type":"page","link":"https:\/\/viaro.org\/en\/politica-privacidad\/","title":{"rendered":"Privacy Policy"},"content":{"rendered":"<p><strong>&nbsp;<\/strong><\/p>\n<ol>\n<li><strong>\u00bfA qui\u00e9nes aplica esta Pol\u00edtica de Privacidad?<\/strong><\/li>\n<\/ol>\n<p>Al visitar o consultar el sitio web de VIAR\u00d3, y utilizar los servicios ofrecidos, el usuario, acepta el tratamiento de sus datos personales, dando conformidad a los t\u00e9rminos establecidos en este documento (en adelante, la &#8220;Pol\u00edtica de privacidad&#8221;).<\/p>\n<p>De acuerdo con la normativa de protecci\u00f3n de datos aplicable, ten en cuenta lo siguiente:<\/p>\n<p>Si vives en un pa\u00eds miembro del Espacio Econ\u00f3mico Europeo, esta Pol\u00edtica de Privacidad y la forma de procesar tus datos estar\u00e1n reguladas por el Reglamento General de Protecci\u00f3n de Datos, o Reglamento [UE] 2016\/679 (&#8220;RGPD&#8221;).<\/p>\n<ol start=\"2\">\n<li><strong>\u00bfQui\u00e9n es el responsable del tratamiento de los datos?<\/strong><\/li>\n<\/ol>\n<p>Esta es la informaci\u00f3n relevante del Responsable del Tratamiento de los datos personales que trata y son facilitados por los usuarios:<\/p>\n<table width=\"567\">\n<tbody>\n<tr>\n<td width=\"161\"><strong>Identidad<\/strong><\/td>\n<td width=\"406\">DOCENCIA E INVESTIGACI\u00d3N S.A. &nbsp;(en adelante VIAR\u00d3)<\/td>\n<\/tr>\n<tr>\n<td width=\"161\"><strong>Domicilio<\/strong><\/td>\n<td width=\"406\">Av. Alcalde Barnils 2, 08174 &#8211; Sant Cugat del Vall\u00e8s, Barcelona.<\/td>\n<\/tr>\n<tr>\n<td width=\"161\"><strong>Tel\u00e9fono<\/strong><\/td>\n<td width=\"406\">935 890 589<\/td>\n<\/tr>\n<tr>\n<td width=\"161\"><strong>Correo electr\u00f3nico<\/strong><\/td>\n<td width=\"406\"><a href=\"mailto:dpo@viaro.org\">dpo@viaro.org<\/a><\/td>\n<\/tr>\n<\/tbody>\n<\/table>\n<ol start=\"3\">\n<li><strong>\u00bfCu\u00e1l es la legitimaci\u00f3n para el tratamiento de los datos?<\/strong><\/li>\n<\/ol>\n<p>Las bases legales para el tratamiento de los datos personales son:<\/p>\n<ul>\n<li>La ejecuci\u00f3n de los formularios en la Web de VIAR\u00d3, estos formularios (apartado 4.a), los cumplimenta el interesado o comparte determinada informaci\u00f3n y con ello da su pleno consentimiento para el tratamiento de sus datos personales.<\/li>\n<li>El inter\u00e9s leg\u00edtimo de VIAR\u00d3, en la ejecuci\u00f3n de la prestaci\u00f3n de los servicios.<\/li>\n<li>El cumplimiento de las normativas aplicables.<\/li>\n<\/ul>\n<ol start=\"4\">\n<li><strong>\u00bfQu\u00e9 informaci\u00f3n tratamos?<\/strong><\/li>\n<\/ol>\n<p>La informaci\u00f3n que recibimos por parte de los usuarios o que los mismos comparten, y que ser\u00e1 tratada con la m\u00e1xima confidencialidad, se trata y gestiona como exponemos a continuaci\u00f3n.<\/p>\n<ol>\n<li>Informaci\u00f3n que los usuarios nos facilitan <strong><u>directamente<\/u><\/strong>: VIAR\u00d3 recopila y almacena cierta informaci\u00f3n que el usuario introduce en la Web, a trav\u00e9s de los siguientes apartados\/formularios.<\/li>\n<\/ol>\n<table width=\"571\">\n<tbody>\n<tr>\n<td width=\"137\"><strong>\u201cContacto\u201d <\/strong><\/p>\n<p><strong>\u201cNewsletter\u201d<\/strong><\/td>\n<td width=\"312\">La informaci\u00f3n que el usuario nos facilita cuando completa cada uno de estos formularios, esto es, <u>nombre completo<\/u>, <u>correo electr\u00f3nico<\/u> y <u>tel\u00e9fono <\/u>(Formulario de Contacto); y <u>nombre completo<\/u> y<u> correo electr\u00f3nico<\/u> (Formulario Newsletter).<\/td>\n<td width=\"123\">Datos de car\u00e1cter identificativo.<\/td>\n<\/tr>\n<tr>\n<td width=\"137\"><strong>&nbsp;<\/strong><\/p>\n<p><strong>&nbsp;\u201cTrabaja con nosotros\u201d<\/strong><\/td>\n<td width=\"312\">La informaci\u00f3n que el usuario nos facilita cuando aplica a una oferta de trabajo y comparte su curr\u00edculum en la Web de VIAR\u00d3, esto es, <u>nombre<\/u>, <u>apellido<\/u>, <u>tel\u00e9fono<\/u>, <u>correo electr\u00f3nico<\/u> y <u>CV adjunto<\/u>. Estos son los campos que solicitamos, lo que no podemos controlar es el contenido de la informaci\u00f3n que el usuario comparte a trav\u00e9s de su curr\u00edculum, por lo que solicitamos que los datos sean los necesarios y pertinentes.<\/td>\n<td width=\"123\">Datos de car\u00e1cter identificativo.<\/p>\n<p>Datos acad\u00e9micos y profesionales.<\/td>\n<\/tr>\n<tr>\n<td width=\"137\"><strong>\u201cHazte socio del AMPA\u201d<\/strong><\/p>\n<p><strong>&nbsp;<\/strong><\/td>\n<td width=\"312\">La informaci\u00f3n que el usuario nos facilita cuando solicita el registro como socio del AMPA, esto es, <u>nombre<\/u> del padre\/madre\/hijos, <u>direcci\u00f3n<\/u>, <u>tel\u00e9fono<\/u> y <u>correo electr\u00f3nico.<\/u><\/td>\n<td width=\"123\">Datos de car\u00e1cter identificativo.<\/td>\n<\/tr>\n<\/tbody>\n<\/table>\n<p>2. Informaci\u00f3n que los usuarios nos facilitan <strong><u>indirectamente<\/u><\/strong>:<\/p>\n<table width=\"571\">\n<tbody>\n<tr>\n<td width=\"129\"><strong>Cookies propias y de terceros<\/strong><\/td>\n<td width=\"320\">VIAR\u00d3 utiliza cookies propias y de terceros para distinguirlo de otros usuarios de nuestro sitio. Para ello, sin car\u00e1cter exhaustivo, recopila la siguiente informaci\u00f3n, el <u>tipo de buscador<\/u>, el <u>sistema operativo<\/u>, incluyendo el <u>contenido<\/u> que consulta y el momento del <u>d\u00eda en que lo hace<\/u>, as\u00ed como el identificador en l\u00ednea (es decir, el <u>IP asignado a su dispositivo<\/u>).<\/td>\n<td width=\"123\">Datos derivados de las cookies de car\u00e1cter identificativo.<\/p>\n<p>Datos derivados de la navegaci\u00f3n.<\/td>\n<\/tr>\n<\/tbody>\n<\/table>\n<ul>\n<li><strong>Calidad de datos<\/strong>: El usuario deber\u00e1 garantizar, tanto frente a VIAR\u00d3 como frente a terceros, la calidad de la informaci\u00f3n y de los datos personales que proporcione a trav\u00e9s de la Web de VIAR\u00d3. Esto implica que todos los datos personales e informaciones facilitados deben ser reales, veraces, actualizados y pertenecer al usuario y no a terceras personas. En el caso de que pertenezcan a terceras personas, entendemos que es mediante su consentimiento y solicitamos que se invite a dicho tercero a conocer nuestros textos legales lo antes posible.<\/li>\n<li><strong>Modificaci\u00f3n de datos: <\/strong>El usuario deber\u00e1 notificar a VIAR\u00d3 cualquier modificaci\u00f3n que se produzca en los datos personales facilitados, respondiendo en cualquier caso de la veracidad y exactitud de los datos suministrados en cada momento.<\/li>\n<\/ul>\n<ol start=\"5\">\n<li><strong>\u00bfCon qu\u00e9 finalidad tratamos los datos?<\/strong><\/li>\n<\/ol>\n<table width=\"562\">\n<tbody>\n<tr>\n<td width=\"137\"><strong>Resoluci\u00f3n de dudas y consultas <\/strong><\/p>\n<p><strong>&nbsp;<\/strong><\/td>\n<td width=\"425\">Esta secci\u00f3n est\u00e1 creada para que los usuarios puedan contactar con VIAR\u00d3 e informar brevemente de sus dudas o necesidades y de esa forma podamos comunicarnos con ellos.<\/td>\n<\/tr>\n<tr>\n<td width=\"137\"><strong>Procesos de selecci\u00f3n<\/strong><\/td>\n<td width=\"425\">Para aquellos procesos o informaci\u00f3n que el usuario comparta a trav\u00e9s del formulario de \u201cTrabaja con nosotros\u201d en la web de VIAR\u00d3, otorgando su consentimiento expreso para el tratamiento de sus datos personales.<\/td>\n<\/tr>\n<tr>\n<td width=\"137\"><strong>Prestaci\u00f3n de servicios <\/strong><\/td>\n<td width=\"425\">VIAR\u00d3 podr\u00e1 utilizar los datos personales que el usuario facilita:<\/p>\n<p>&#8211;&nbsp;&nbsp;&nbsp;&nbsp;&nbsp;&nbsp;&nbsp; Al registrase como socio del AMPA en la web de VIAR\u00d3 para confirmar su identidad y verificar sus datos personales y de contacto.<\/p>\n<p>&#8211;&nbsp;&nbsp;&nbsp;&nbsp;&nbsp;&nbsp;&nbsp; Para realizar comunicaciones v\u00eda correo electr\u00f3nico acerca de su operativa y as\u00ed cumplir con los procedimientos internos.<\/td>\n<\/tr>\n<tr>\n<td width=\"137\"><strong>Comunicaci\u00f3n de datos a terceros (excepciones)<\/strong><\/td>\n<td width=\"425\">&#8211;&nbsp;&nbsp;&nbsp;&nbsp;&nbsp;&nbsp;&nbsp; En caso de que sea estrictamente necesario para los servicios solicitados, en el caso de que VIAR\u00d3 colabore con terceros.<\/p>\n<p>&#8211;&nbsp;&nbsp;&nbsp;&nbsp;&nbsp;&nbsp;&nbsp; Cuando VIAR\u00d3 tenga autorizaci\u00f3n expresa e inequ\u00edvoca por parte del usuario.<\/p>\n<p>&#8211;&nbsp;&nbsp;&nbsp;&nbsp;&nbsp;&nbsp;&nbsp; Cuando se solicite por parte de autoridad competente en el ejercicio de sus funciones (para investigar, prevenir o tomar acciones relativas a acciones ilegales).<\/p>\n<p>&#8211;&nbsp;&nbsp;&nbsp;&nbsp;&nbsp;&nbsp;&nbsp; Si lo requiere una normativa.<\/td>\n<\/tr>\n<tr>\n<td width=\"137\"><strong>Newsletter con opci\u00f3n de cancelaci\u00f3n.<\/strong><\/td>\n<td width=\"425\">Con el consentimiento del usuario, VIAR\u00d3 podr\u00e1 utilizar los datos personales que obtengamos para enviar informaci\u00f3n, noticias y publicidad sobre nuestros servicios y otros similares a trav\u00e9s de nuestra \u201cNewsletter\u201d. En todo caso, se puede evitar el env\u00edo de nuevos e-mails informativos solicit\u00e1ndolo en la direcci\u00f3n de correo electr\u00f3nico <a href=\"mailto:viaro@viaro.org\">viaro@viaro.org<\/a> o mediante el enlace que aparece en el cuerpo de cada uno de los e-mails que enviemos y consecuentemente, VIAR\u00d3 cesar\u00e1 en el env\u00edo de la citada informaci\u00f3n.<\/td>\n<\/tr>\n<tr>\n<td width=\"137\"><strong>Cookies propias y de terceros <\/strong><\/td>\n<td width=\"425\">&#8211;&nbsp;&nbsp;&nbsp;&nbsp;&nbsp;&nbsp;&nbsp; Con el consentimiento del usuario, se podr\u00e1n instalar cookies para calcular el n\u00famero de personas que ingresan al sitio web, as\u00ed como almacenar informaci\u00f3n del comportamiento de los usuarios obtenida a trav\u00e9s de la observaci\u00f3n continuada de sus h\u00e1bitos de navegaci\u00f3n.<\/p>\n<p>La mayor\u00eda de los navegadores admiten el uso de cookies de forma autom\u00e1tica, pero puede configurar su navegador para ser avisado en la pantalla de su ordenador sobre la recepci\u00f3n de cookies y, de esta forma, impedir su instalaci\u00f3n en su disco duro.<\/p>\n<p>Para obtener informaci\u00f3n detallada sobre las cookies que utilizamos y los fines para los que las utilizamos, consulte nuestra <u>Pol\u00edtica de Cookies<\/u>. (ENLACE A LA MISMA)<\/td>\n<\/tr>\n<\/tbody>\n<\/table>\n<ol start=\"6\">\n<li><strong>\u00bfPor cu\u00e1nto tiempo conservaremos los datos?<\/strong><\/li>\n<\/ol>\n<p>VIAR\u00d3 conservar\u00e1 los datos personales del usuario por el tiempo que sea razonablemente necesario para: cumplir con cualquiera de dem\u00e1s los objetivos mencionados en esta Pol\u00edtica de Privacidad, cumplir con la legislaci\u00f3n vigente, exigencias normativas y ordenes pertinentes de tribunales competentes, o, en cualquier caso, mientras que le enviemos informaci\u00f3n o comunicaciones y el interesado no solicite su supresi\u00f3n u oposici\u00f3n.<\/p>\n<p>Sus datos personales ser\u00e1n anonimizados o eliminados una vez que ya no sea relevante para los fines para los que fueron recopilados.<\/p>\n<p>Plazos de conservaci\u00f3n aplicados:<\/p>\n<p>Procesos de selecci\u00f3n (curriculums): un (1) a\u00f1o.<\/p>\n<p><strong>7. \u00bfA qu\u00e9 destinatarios se comunican los datos?<\/strong><\/p>\n<p><strong>&nbsp;<\/strong>Los datos de car\u00e1cter personal que VIAR\u00d3 recopile ser\u00e1n exclusivamente utilizados para la consecuci\u00f3n del objeto definido en la Web de VIAR\u00d3. Para la consecuci\u00f3n de dicho objetivo y la correcta prestaci\u00f3n del servicio VIAR\u00d3 podr\u00eda compartir ciertos datos de car\u00e1cter personal de los usuarios:<\/p>\n<ul>\n<li>Previo requerimiento legal, VIAR\u00d3 podr\u00e1 compartir informaci\u00f3n con organismos de autoridades ejecutivas y\/o terceros con respecto a peticiones de informaci\u00f3n relativas a investigaciones de car\u00e1cter penal y presuntas actividades ilegales.<\/li>\n<li>Con el consentimiento del usuario: aparte de lo establecido anteriormente, se informar\u00e1 al usuario en el caso de que cualquier informaci\u00f3n sobre el mismo, se ponga en conocimiento de los socios comerciales de la web, o bien con terceros, con car\u00e1cter distinto a las finalidades expuestas en la Web de VIAR\u00d3 (por ej.: con fines comerciales), al objeto de que tenga la oportunidad de decidir que no se comparta su informaci\u00f3n. Ninguna de las comunicaciones de datos anterior incluir\u00e1 vender, alquilar, compartir o revelar de otro modo informaci\u00f3n personal de clientes con fines comerciales de modo contrario a los compromisos adquiridos en la presente Pol\u00edtica de Privacidad.<\/li>\n<li>Le informamos tambi\u00e9n de que algunas empresas subcontratadas por VIAR\u00d3 podr\u00edan tener acceso a sus datos e informaci\u00f3n personales, siempre bajo el exclusivo control de VIAR\u00d3, con la \u00fanica finalidad de prestar un servicio necesario para el env\u00edo de informaci\u00f3n por mail a los mismos (ej. MailChimp &#8211; Plataforma env\u00edo de mailings).<\/li>\n<\/ul>\n<ol start=\"8\">\n<li><strong>\u00bfSe pueden realizar transferencias internacionales de los datos?<\/strong><\/li>\n<\/ol>\n<p>En el caso que realicemos transferencias de sus datos personales a un tercer pa\u00eds, es decir, un pa\u00eds fuera del Espacio Econ\u00f3mico Europeo (los pa\u00edses de la Uni\u00f3n Europea m\u00e1s Liechtenstein, Islandia y Noruega), cumpliremos con todas las leyes aplicables a dicha transferencia, incluida la garant\u00eda de que sus datos personales se mantengan seguros y la presencia de salvaguardas para asegurar que haya una protecci\u00f3n adecuada. Para ello, VIAR\u00d3 utilizar\u00e1 cl\u00e1usulas tipo de protecci\u00f3n de datos adoptadas por la Comisi\u00f3n Europea.<\/p>\n<p><strong>9. \u00bfQu\u00e9 derechos tiene el usuario frente a los datos que facilita?<\/strong><\/p>\n<p>El usuario podr\u00e1 ejercer ante VIAR\u00d3 los siguientes derechos:<\/p>\n<ul>\n<li><strong>Derecho a ser informado<\/strong>: el usuario tiene derecho a recibir informaci\u00f3n clara, transparente y f\u00e1cilmente comprensible sobre la manera en la que utilizamos su informaci\u00f3n y sus derechos. Por tal motivo, le facilitamos dicha informaci\u00f3n en esta pol\u00edtica de privacidad.<\/li>\n<li><strong>Derecho de acceso<\/strong>: el usuario tiene derecho a obtener acceso a su informaci\u00f3n (en caso de que la estemos tratando), as\u00ed como a otros tipos de informaci\u00f3n (similar a la proporcionada en esta pol\u00edtica de privacidad), a fin de que est\u00e9 informado y pueda comprobar que usamos su informaci\u00f3n de conformidad con la legislaci\u00f3n en materia de protecci\u00f3n de datos.<\/li>\n<li><strong>Derecho a rectificaci\u00f3n<\/strong>: el usuario tiene derecho a que se corrija su informaci\u00f3n (datos inexactos) en caso de que la misma sea incorrecta o incompleta.<\/li>\n<li><strong>Derecho de supresi\u00f3n<\/strong>: Tambi\u00e9n se conoce como \u201cderecho al olvido\u201d y, en definitiva, le permite solicitar la eliminaci\u00f3n o supresi\u00f3n de su informaci\u00f3n cuando los datos ya no sean necesarios para los fines que fueron recogidos. Esto no constituye un derecho general de supresi\u00f3n; existen excepciones.<\/li>\n<li><strong>Derecho a limitar el tratamiento<\/strong>: el usuario dispone de derechos que le permiten \u201cbloquear\u201d o impedir que se siga usando su informaci\u00f3n. Cuando se limita el tratamiento, \u00fanicamente conservaremos su informaci\u00f3n para el ejercicio o la defensa de reclamaciones. Asimismo, conservamos listas de usuarios que han solicitado el \u201cbloqueo\u201d a que su informaci\u00f3n siga us\u00e1ndose a fin de asegurarnos que la restricci\u00f3n se respete en el futuro.<\/li>\n<li><strong>Derecho a la portabilidad de los datos<\/strong>: el usuario dispone de derechos que le permiten obtener y reutilizar sus datos personales para sus propios fines en diferentes servicios.<\/li>\n<li><strong>Derecho a oponerse<\/strong>: el usuario tiene derecho a oponerse a ciertos tipos de tratamiento, incluyendo el tratamiento con fines de mercadotecnia directa. Salvo por motivos leg\u00edtimos imperiosos, o el ejercicio o la defensa de posibles reclamaciones.<\/li>\n<\/ul>\n<p>El ejercicio de los derechos citados es personal\u00edsimo, por lo que ser\u00e1 necesario que el usuario acredite su identidad.<\/p>\n<p>Para ejercitar los citados derechos previstos en la legislaci\u00f3n, el usuario puede dirigirse a VIAR\u00d3 a trav\u00e9s del correo electr\u00f3nico <a href=\"mailto:dpo@viaro.org\">dpo@viaro.org<\/a> o mediante escrito dirigido a la direcci\u00f3n que consta en el apartado 1 de la presente Pol\u00edtica. La comunicaci\u00f3n contendr\u00e1 los siguientes datos y documentos:<\/p>\n<ul>\n<li>Nombre y apellidos del interesado, adjuntando fotocopia del DNI u otro documento v\u00e1lido que lo identifique y, en su caso, de la persona que lo represente; la utilizaci\u00f3n de firma electr\u00f3nica eximir\u00e1 de la presentaci\u00f3n de estos documentos.<\/li>\n<li>Indicaci\u00f3n del domicilio del interesado y petici\u00f3n en que se concreta la solicitud (el derecho que se pretende ejercitar).<\/li>\n<\/ul>\n<p>El usuario tambi\u00e9n tendr\u00e1 derecho a presentar una reclamaci\u00f3n ante la Autoridad de Control correspondiente\/Agencia Espa\u00f1ola de Protecci\u00f3n de Datos (<a href=\"http:\/\/www.aepd.es\" target=\"_blank\" rel=\"noopener\">www.aepd.es<\/a>), cuando lo considere conveniente.<\/p>\n<p><strong>10. \u00bfC\u00f3mo protegemos los datos de nuestros usuarios?<\/strong><\/p>\n<p>VIAR\u00d3 informa al usuario que ha adoptado las medidas de car\u00e1cter t\u00e9cnico y organizativas necesarias exigidas por la normativa vigente en materia de Protecci\u00f3n de Datos para garantizar la seguridad de sus datos, a fin de evitar la alteraci\u00f3n, p\u00e9rdida, acceso o tratamiento no autorizados de los mismos.<\/p>\n<p>Tal y como se ha mencionado, los datos personales facilitados por los usuarios a trav\u00e9s de la Web de VIAR\u00d3 no ser\u00e1n cedidos a otras entidades o empresas para ser empleados para sus propios fines. Sin embargo, algunas empresas subcontratadas por VIAR\u00d3 podr\u00edan tener acceso a los datos e informaci\u00f3n personales, siempre bajo el exclusivo control de VIAR\u00d3, con la \u00fanica finalidad de prestar un servicio necesario para el correcto funcionamiento de la Web de VIAR\u00d3.<\/p>\n<p><strong>11. Modificaciones<\/strong><\/p>\n<p>VIAR\u00d3 se reserva el derecho a modificar esta Pol\u00edtica de Privacidad de acuerdo con la legislaci\u00f3n aplicable en cada momento. Por ello, es recomendable que el usuario revise peri\u00f3dicamente esta Pol\u00edtica de Privacidad con la finalidad de estar informado del tratamiento y la protecci\u00f3n de los datos personales, as\u00ed como de los derechos que le asisten.<\/p>\n<p><strong>12. Legislaci\u00f3n aplicable<\/strong><\/p>\n<p>La presente Pol\u00edtica se regir\u00e1 e interpretar\u00e1 conforme a la legislaci\u00f3n espa\u00f1ola, al igual que la resoluci\u00f3n de cualquier controversia o divergencia relacionada con el presente sitio Web. El uso de los servicios del presente sitio web, supone la aceptaci\u00f3n expresa de la jurisdicci\u00f3n espa\u00f1ola.<\/p>\n<p>Fecha de \u00faltima actualizaci\u00f3n: noviembre 2020.<\/p>\n","protected":false},"excerpt":{"rendered":"<p>&nbsp; \u00bfA qui\u00e9nes aplica esta Pol\u00edtica de Privacidad? Al visitar o consultar el sitio web de VIAR\u00d3, y utilizar los servicios ofrecidos, el usuario, acepta el tratamiento de sus datos personales, dando conformidad a los t\u00e9rminos establecidos en este documento (en adelante, la &#8220;Pol\u00edtica de privacidad&#8221;). De acuerdo con la normativa de protecci\u00f3n de datos [&hellip;]<\/p>\n","protected":false},"author":1,"featured_media":604,"parent":0,"menu_order":0,"comment_status":"closed","ping_status":"closed","template":"","meta":{"_uag_custom_page_level_css":"","_joinchat":[],"footnotes":""},"class_list":["post-1360","page","type-page","status-publish","has-post-thumbnail","hentry"],"uagb_featured_image_src":{"full":["https:\/\/viaro.org\/wp-content\/uploads\/2018\/11\/header-contacto.jpg",2880,752,false],"thumbnail":["https:\/\/viaro.org\/wp-content\/uploads\/2018\/11\/header-contacto-150x150.jpg",150,150,true],"medium":["https:\/\/viaro.org\/wp-content\/uploads\/2018\/11\/header-contacto-300x78.jpg",300,78,true],"medium_large":["https:\/\/viaro.org\/wp-content\/uploads\/2018\/11\/header-contacto-768x201.jpg",640,168,true],"large":["https:\/\/viaro.org\/wp-content\/uploads\/2018\/11\/header-contacto-1024x267.jpg",640,167,true],"1536x1536":["https:\/\/viaro.org\/wp-content\/uploads\/2018\/11\/header-contacto.jpg",1536,401,false],"2048x2048":["https:\/\/viaro.org\/wp-content\/uploads\/2018\/11\/header-contacto.jpg",2048,535,false],"related-content":["https:\/\/viaro.org\/wp-content\/uploads\/2018\/11\/header-contacto-297x167.jpg",297,167,true]},"uagb_author_info":{"display_name":"","author_link":"https:\/\/viaro.org\/en\/author\/"},"uagb_comment_info":0,"uagb_excerpt":"&nbsp; \u00bfA qui\u00e9nes aplica esta Pol\u00edtica de Privacidad? Al visitar o consultar el sitio web de VIAR\u00d3, y utilizar los servicios ofrecidos, el usuario, acepta el tratamiento de sus datos personales, dando conformidad a los t\u00e9rminos establecidos en este documento (en adelante, la &#8220;Pol\u00edtica de privacidad&#8221;). De acuerdo con la normativa de protecci\u00f3n de datos&hellip;","_links":{"self":[{"href":"https:\/\/viaro.org\/en\/wp-json\/wp\/v2\/pages\/1360","targetHints":{"allow":["GET"]}}],"collection":[{"href":"https:\/\/viaro.org\/en\/wp-json\/wp\/v2\/pages"}],"about":[{"href":"https:\/\/viaro.org\/en\/wp-json\/wp\/v2\/types\/page"}],"author":[{"embeddable":true,"href":"https:\/\/viaro.org\/en\/wp-json\/wp\/v2\/users\/1"}],"replies":[{"embeddable":true,"href":"https:\/\/viaro.org\/en\/wp-json\/wp\/v2\/comments?post=1360"}],"version-history":[{"count":3,"href":"https:\/\/viaro.org\/en\/wp-json\/wp\/v2\/pages\/1360\/revisions"}],"predecessor-version":[{"id":7342,"href":"https:\/\/viaro.org\/en\/wp-json\/wp\/v2\/pages\/1360\/revisions\/7342"}],"wp:featuredmedia":[{"embeddable":true,"href":"https:\/\/viaro.org\/en\/wp-json\/wp\/v2\/media\/604"}],"wp:attachment":[{"href":"https:\/\/viaro.org\/en\/wp-json\/wp\/v2\/media?parent=1360"}],"curies":[{"name":"wp","href":"https:\/\/api.w.org\/{rel}","templated":true}]}}