{"id":4864,"date":"2019-12-11T09:10:15","date_gmt":"2019-12-11T09:10:15","guid":{"rendered":"http:\/\/viaro.org\/1995-eleazar-el-cuarto-rey-mago\/"},"modified":"2020-02-12T09:11:37","modified_gmt":"2020-02-12T09:11:37","slug":"1995-eleazar-el-cuarto-rey-mago","status":"publish","type":"page","link":"https:\/\/viaro.org\/en\/25-years-of-musicals\/1995-eleazar-el-cuarto-rey-mago\/","title":{"rendered":"1995 &#8211; Eleazar, el cuarto Rey Mago"},"content":{"rendered":"\n<figure class=\"wp-block-image size-large\"><img decoding=\"async\" width=\"1024\" height=\"683\" src=\"http:\/\/viaro.org\/wp-content\/uploads\/2019\/12\/Portada_FestaNadal-1024x683.jpg\" alt=\"\" class=\"wp-image-4729\" srcset=\"https:\/\/viaro.org\/wp-content\/uploads\/2019\/12\/Portada_FestaNadal-1024x683.jpg 1024w, https:\/\/viaro.org\/wp-content\/uploads\/2019\/12\/Portada_FestaNadal-300x200.jpg 300w, https:\/\/viaro.org\/wp-content\/uploads\/2019\/12\/Portada_FestaNadal-768x512.jpg 768w, https:\/\/viaro.org\/wp-content\/uploads\/2019\/12\/Portada_FestaNadal-391x260.jpg 391w, https:\/\/viaro.org\/wp-content\/uploads\/2019\/12\/Portada_FestaNadal-1536x1024.jpg 1536w, https:\/\/viaro.org\/wp-content\/uploads\/2019\/12\/Portada_FestaNadal-2048x1365.jpg 2048w\" sizes=\"(max-width: 1024px) 100vw, 1024px\" \/><\/figure>\n\n\n\n<div class=\"wp-block-button aligncenter\"><a class=\"wp-block-button__link has-background no-border-radius\" href=\"https:\/\/drive.google.com\/open?id=1HUjwgMDI9uSnOEjIIzMm6N-dIGaJW3uo\" style=\"background-color:#b2153f\" target=\"_blank\" rel=\"noopener\">Descarregar can\u00e7ons<\/a><\/div>\n\n\n\n<div class=\"wp-block-button aligncenter\"><a class=\"wp-block-button__link has-background no-border-radius\" href=\"https:\/\/drive.google.com\/open?id=1uPGhrdC282ph3hZH0pzXHROqoA1CXSix\" style=\"background-color:#b2153f\" target=\"_blank\" rel=\"noopener\">Descarregar gui\u00f3<\/a><\/div>\n\n\n\n<p>Tothom es pensa que els Reis Mags s\u00f3n nom\u00e9s tres: Melcior, Gaspar\ni Baltasar; doncs no: en realitat s\u00f3n quatre. El que passa \u00e9s que el quart rei,\nEleazar, es va equivocar d\u2019estrella i en comptes d\u2019arribar a Betlem amb els\nseus companys d\u2019Orient va estar fent voltes i m\u00e9s voltes pel m\u00f3n&nbsp; buscant el Nadal.<\/p>\n\n\n\n<p>En el seu cam\u00ed a trav\u00e9s del temps i l\u2019espai Eleazar se\u2019n va anar\nprimer a l\u2019any 2125 per\u00f2 all\u00e0 la forma de celebrar Nadal era tan artificial i\nfreda que el rei no va quedar gens conven\u00e7ut: si fins i tot es prenien p\u00edndoles\nper experimentar la sensaci\u00f3 de felicitat nadalenca!<\/p>\n\n\n\n<p>Tot seguit Eleazar va viatjar fins a finals del segle XX, a una\ncasa com tantes d\u2019altres, per\u00f2 all\u00e0 es va trobar que la gent estava tan\nenfeinada amb els seus capricis que ni temps tenia de fer el Pessebre. Les\nfam\u00edlies nom\u00e9s esperaven l\u2019arribada del Pare Noel -perqu\u00e8 arriba abans que els\nReis- i, sobretot, el sorteig de loteria de Nadal: tothom esperava que un cop\nde sort li canvi\u00e9s la vida, com si all\u00f2 fos l\u2019\u00fanic important.<\/p>\n\n\n\n<p>Estava clar que el Nadal que Eleazar buscava no el trobaria all\u00e0.\nAixi que el savi mag va recular en el temps i es va plantar a l\u2019any 1240, a les\nportes del castell d\u2019un rei medieval. Per\u00f2 ni els soldats que hi feien gu\u00e0rdia -torrats com alls! ni els consellers de la cort o el propi rei -nom\u00e9s preocupats de\nbeure i menjar- tampoc oferien cap bon retrat de l\u2019aut\u00e8ntic esperit nadalenc.<\/p>\n\n\n\n<p>Aix\u00ed que, despr\u00e9s de tant males experi\u00e8ncies, Eleazar es va\nasseure a la vora d\u2019un cam\u00ed, cansat, decebut i una mica desanimat. I aleshores\nva sentir un alegre grup de nois que s\u2019apropava cantant: eren pastorets que\nanaven a adorar el Messies i li duien regals. Eleazar es va alegrar molt per\u00f2\ncom que no duia cap regal va pensar que no podria saludar el Nen Jes\u00fas; els\npastorets li van dir que no havia de patir: el millor regal som nosaltres\nmateixos!<\/p>\n\n\n\n<p>Aleshores Eleazar va entendre on \u00e9s el Nadal: dins nostre, al nostre cor. I com ell ho van entendre tamb\u00e9 tots els personatges que havia visitat en el seu cam\u00ed a la recerca del Nadal. I tots junts, seguint els alegres pastors, van fer cam\u00ed cap al Portal.<\/p>\n","protected":false},"excerpt":{"rendered":"<p>Tothom es pensa que els Reis Mags s\u00f3n nom\u00e9s tres: Melcior, Gaspar i Baltasar; doncs no: en realitat s\u00f3n quatre. El que passa \u00e9s que el quart rei, Eleazar, es va equivocar d\u2019estrella i en comptes d\u2019arribar a Betlem amb els seus companys d\u2019Orient va estar fent voltes i m\u00e9s voltes pel m\u00f3n&nbsp; buscant el [&hellip;]<\/p>\n","protected":false},"author":11,"featured_media":4511,"parent":4861,"menu_order":1,"comment_status":"closed","ping_status":"closed","template":"template-ibsc.php","meta":{"_uag_custom_page_level_css":"","_joinchat":[],"footnotes":""},"class_list":["post-4864","page","type-page","status-publish","has-post-thumbnail","hentry"],"uagb_featured_image_src":{"full":["https:\/\/viaro.org\/wp-content\/uploads\/2019\/11\/181215-PMacM-3080.jpg",2560,1705,false],"thumbnail":["https:\/\/viaro.org\/wp-content\/uploads\/2019\/11\/181215-PMacM-3080-150x150.jpg",150,150,true],"medium":["https:\/\/viaro.org\/wp-content\/uploads\/2019\/11\/181215-PMacM-3080-300x200.jpg",300,200,true],"medium_large":["https:\/\/viaro.org\/wp-content\/uploads\/2019\/11\/181215-PMacM-3080-768x512.jpg",640,427,true],"large":["https:\/\/viaro.org\/wp-content\/uploads\/2019\/11\/181215-PMacM-3080-1024x682.jpg",640,426,true],"1536x1536":["https:\/\/viaro.org\/wp-content\/uploads\/2019\/11\/181215-PMacM-3080.jpg",1536,1023,false],"2048x2048":["https:\/\/viaro.org\/wp-content\/uploads\/2019\/11\/181215-PMacM-3080.jpg",2048,1364,false],"related-content":["https:\/\/viaro.org\/wp-content\/uploads\/2019\/11\/181215-PMacM-3080-297x167.jpg",297,167,true]},"uagb_author_info":{"display_name":"Comunicaci\u00f3 Viar\u00f3","author_link":"https:\/\/viaro.org\/en\/author\/viarocom\/"},"uagb_comment_info":0,"uagb_excerpt":"Tothom es pensa que els Reis Mags s\u00f3n nom\u00e9s tres: Melcior, Gaspar i Baltasar; doncs no: en realitat s\u00f3n quatre. El que passa \u00e9s que el quart rei, Eleazar, es va equivocar d\u2019estrella i en comptes d\u2019arribar a Betlem amb els seus companys d\u2019Orient va estar fent voltes i m\u00e9s voltes pel m\u00f3n&nbsp; buscant el&hellip;","_links":{"self":[{"href":"https:\/\/viaro.org\/en\/wp-json\/wp\/v2\/pages\/4864","targetHints":{"allow":["GET"]}}],"collection":[{"href":"https:\/\/viaro.org\/en\/wp-json\/wp\/v2\/pages"}],"about":[{"href":"https:\/\/viaro.org\/en\/wp-json\/wp\/v2\/types\/page"}],"author":[{"embeddable":true,"href":"https:\/\/viaro.org\/en\/wp-json\/wp\/v2\/users\/11"}],"replies":[{"embeddable":true,"href":"https:\/\/viaro.org\/en\/wp-json\/wp\/v2\/comments?post=4864"}],"version-history":[{"count":2,"href":"https:\/\/viaro.org\/en\/wp-json\/wp\/v2\/pages\/4864\/revisions"}],"predecessor-version":[{"id":5174,"href":"https:\/\/viaro.org\/en\/wp-json\/wp\/v2\/pages\/4864\/revisions\/5174"}],"up":[{"embeddable":true,"href":"https:\/\/viaro.org\/en\/wp-json\/wp\/v2\/pages\/4861"}],"wp:featuredmedia":[{"embeddable":true,"href":"https:\/\/viaro.org\/en\/wp-json\/wp\/v2\/media\/4511"}],"wp:attachment":[{"href":"https:\/\/viaro.org\/en\/wp-json\/wp\/v2\/media?parent=4864"}],"curies":[{"name":"wp","href":"https:\/\/api.w.org\/{rel}","templated":true}]}}