{"id":4868,"date":"2019-12-11T09:15:02","date_gmt":"2019-12-11T09:15:02","guid":{"rendered":"http:\/\/viaro.org\/1996-un-nadal-de-tot-lany\/"},"modified":"2020-02-12T09:12:39","modified_gmt":"2020-02-12T09:12:39","slug":"1996-un-nadal-de-tot-lany","status":"publish","type":"page","link":"https:\/\/viaro.org\/en\/25-years-of-musicals\/1996-un-nadal-de-tot-lany\/","title":{"rendered":"1996 &#8211; Un Nadal de tot l\u2019any"},"content":{"rendered":"\n<figure class=\"wp-block-image size-large\"><img decoding=\"async\" width=\"1024\" height=\"683\" src=\"http:\/\/viaro.org\/wp-content\/uploads\/2019\/12\/Portada_FestaNadal-2-1-1024x683.jpg\" alt=\"\" class=\"wp-image-4732\" srcset=\"https:\/\/viaro.org\/wp-content\/uploads\/2019\/12\/Portada_FestaNadal-2-1-1024x683.jpg 1024w, https:\/\/viaro.org\/wp-content\/uploads\/2019\/12\/Portada_FestaNadal-2-1-300x200.jpg 300w, https:\/\/viaro.org\/wp-content\/uploads\/2019\/12\/Portada_FestaNadal-2-1-768x512.jpg 768w, https:\/\/viaro.org\/wp-content\/uploads\/2019\/12\/Portada_FestaNadal-2-1-391x260.jpg 391w, https:\/\/viaro.org\/wp-content\/uploads\/2019\/12\/Portada_FestaNadal-2-1-1536x1024.jpg 1536w, https:\/\/viaro.org\/wp-content\/uploads\/2019\/12\/Portada_FestaNadal-2-1-2048x1365.jpg 2048w\" sizes=\"(max-width: 1024px) 100vw, 1024px\" \/><\/figure>\n\n\n\n<div class=\"wp-block-button aligncenter\"><a class=\"wp-block-button__link has-background no-border-radius\" href=\"https:\/\/drive.google.com\/open?id=1s8XkmP1aeoT4yV--ptl2Q8xKhwG0r553\" style=\"background-color:#b2153f\" target=\"_blank\" rel=\"noopener\">Descarregar can\u00e7ons<\/a><\/div>\n\n\n\n<div class=\"wp-block-button aligncenter\"><a class=\"wp-block-button__link has-background no-border-radius\" href=\"https:\/\/drive.google.com\/open?id=1ylSBuPG1tijI9vYrjYWXrqj3JopOBaPc\" style=\"background-color:#b2153f\" target=\"_blank\" rel=\"noopener\">Descarregar gui\u00f3<\/a><\/div>\n\n\n\n<p>En Francesc i els seus companys de classe estaven a punt de\ncomen\u00e7ar una classe de llat\u00ed, l\u2019\u00faltima abans de les vacances de Nadal; per\u00f2 com\nque no parava de nevar i, a sobre, s\u2019anunciava que el temporal aniria a pitjor\nel director va irrompre tot d\u2019una a l\u2019aula i va cridar: \u201cNois! Tothom a casa!\nS\u2019ha acabat la classe!\u201d.<\/p>\n\n\n\n<p>No va caldre que els ho diguessin dos cops: tots els nens\ns\u2019aixecaren d\u2019una revolada, van agafar els abrics (i potser els llibres de\ntext\u2026) i van esfumar-se sense pr\u00e0cticament desitjar-se unes bones festes. <\/p>\n\n\n\n<p>El Francesc tamb\u00e9 sort\u00ed corrent, content i emocionat, per\u00f2 quan va\narribar a casa li va canviar la cara:&nbsp;\nerls seus pares no hi eren. Va c\u00f3rrer a escoltar els missatges del\ncontestador del tel\u00e8fon i, efectivament, hi havia gravat un \u00e0udio del pares\ndient-li que la neu els tenia bloquejats dins del cotxe, molt lluny de casa.\nProbablement en Francesc hauria de passar la nit de Nadal tot sol a casa.<\/p>\n\n\n\n<p>I quan et quedes una estona sol a casa de vegades passa que un\nsorollet, una ombra, el xiulet del vent per sota la porta\u2026 qualsevol cosa et\npot espantar; i al pobre Francesc li va passar aix\u00f2 i molt m\u00e9s: al seu edifici\nhi vivia un home misteri\u00f3s i entre els ve\u00efns corria la brama que era un\npersonatge sinistre: que si robava, que si amena\u00e7ava tothom, que si fins i tot\nsegrestava nens\u2026; vaja, que l\u2019home del sac al seu costat era una mena\nd\u2019angelet!<\/p>\n\n\n\n<p>Per\u00f2 el pitjor de tot era que totes les aquelles acusacions sobre\nel vell eren ximpleries; alg\u00fa havia dit que alg\u00fa deia que un dia a alg\u00fa li\nhavia semblat veure\u2026 En fii: mentides! Per\u00f2 unes mentides que tenien el pobre\nvell apartat injustament de tothom. I com que el Francesc no ho sabia, que res\ndel que deien era veritat, quan se\u2019l va trobar al llindar de la porta amb el\nsac a l\u2019esquena una mica m\u00e9s i es desmaia de por. <\/p>\n\n\n\n<p>El vell va c\u00f3rrer a explicar-li al Francesc la veritat: aquell sac\nque duia era per recollir joguines trencades i altres andr\u00f2mines que la gent\nllen\u00e7ava. Ell les reparava i les convertia en regals per a nens que no tenien\nNadal. Per demostrar-ho va obrir el sac i li mostr\u00e0 tota una col\u00b7lecci\u00f3 de\nvelles joguines que havia carregat per reparar-les a casa seva. \u201cTothom est\u00e0\nsempre pendent de rebre,&nbsp; i molt pocs\nestan disposats a ajudar, Francesc\u201d, li va dir. I quan anava a girar cua, el\nnen li va cridar: \u201cEsperi! Jo el vull ajudar!\u201d.<\/p>\n\n\n\n<p>De cop i volta en Francesc havia capgirat el sentit del Nadal que\nell coneixia; a trav\u00e9s de la generositat del seu vell ve\u00ed n\u2019acabava de con\u00e8ixer\nun de molt m\u00e9s gran, de molt m\u00e9s feli\u00e7, de molt m\u00e9s aut\u00e8ntic: el del servei als\naltres.<\/p>\n\n\n\n<p>I la tristor d\u2019haver de passar la Nit de Nadal sol es va convertir\nen la joia de poder viure un Nadal de tot l\u2019any, donant i compartint. Ah! i a\nm\u00e9s, en el darrer moment, els pares van trucar a la porta: malgrat la neu\nhavien pogut arribar a casa. I tots quatre junts van celebrar el naixement de\nJes\u00fas a Betlem.<\/p>\n","protected":false},"excerpt":{"rendered":"<p>En Francesc i els seus companys de classe estaven a punt de comen\u00e7ar una classe de llat\u00ed, l\u2019\u00faltima abans de les vacances de Nadal; per\u00f2 com que no parava de nevar i, a sobre, s\u2019anunciava que el temporal aniria a pitjor el director va irrompre tot d\u2019una a l\u2019aula i va cridar: \u201cNois! Tothom a [&hellip;]<\/p>\n","protected":false},"author":11,"featured_media":4511,"parent":4861,"menu_order":2,"comment_status":"closed","ping_status":"closed","template":"template-ibsc.php","meta":{"_uag_custom_page_level_css":"","_joinchat":[],"footnotes":""},"class_list":["post-4868","page","type-page","status-publish","has-post-thumbnail","hentry"],"uagb_featured_image_src":{"full":["https:\/\/viaro.org\/wp-content\/uploads\/2019\/11\/181215-PMacM-3080.jpg",2560,1705,false],"thumbnail":["https:\/\/viaro.org\/wp-content\/uploads\/2019\/11\/181215-PMacM-3080-150x150.jpg",150,150,true],"medium":["https:\/\/viaro.org\/wp-content\/uploads\/2019\/11\/181215-PMacM-3080-300x200.jpg",300,200,true],"medium_large":["https:\/\/viaro.org\/wp-content\/uploads\/2019\/11\/181215-PMacM-3080-768x512.jpg",640,427,true],"large":["https:\/\/viaro.org\/wp-content\/uploads\/2019\/11\/181215-PMacM-3080-1024x682.jpg",640,426,true],"1536x1536":["https:\/\/viaro.org\/wp-content\/uploads\/2019\/11\/181215-PMacM-3080.jpg",1536,1023,false],"2048x2048":["https:\/\/viaro.org\/wp-content\/uploads\/2019\/11\/181215-PMacM-3080.jpg",2048,1364,false],"related-content":["https:\/\/viaro.org\/wp-content\/uploads\/2019\/11\/181215-PMacM-3080-297x167.jpg",297,167,true]},"uagb_author_info":{"display_name":"Comunicaci\u00f3 Viar\u00f3","author_link":"https:\/\/viaro.org\/en\/author\/viarocom\/"},"uagb_comment_info":0,"uagb_excerpt":"En Francesc i els seus companys de classe estaven a punt de comen\u00e7ar una classe de llat\u00ed, l\u2019\u00faltima abans de les vacances de Nadal; per\u00f2 com que no parava de nevar i, a sobre, s\u2019anunciava que el temporal aniria a pitjor el director va irrompre tot d\u2019una a l\u2019aula i va cridar: \u201cNois! Tothom a&hellip;","_links":{"self":[{"href":"https:\/\/viaro.org\/en\/wp-json\/wp\/v2\/pages\/4868","targetHints":{"allow":["GET"]}}],"collection":[{"href":"https:\/\/viaro.org\/en\/wp-json\/wp\/v2\/pages"}],"about":[{"href":"https:\/\/viaro.org\/en\/wp-json\/wp\/v2\/types\/page"}],"author":[{"embeddable":true,"href":"https:\/\/viaro.org\/en\/wp-json\/wp\/v2\/users\/11"}],"replies":[{"embeddable":true,"href":"https:\/\/viaro.org\/en\/wp-json\/wp\/v2\/comments?post=4868"}],"version-history":[{"count":2,"href":"https:\/\/viaro.org\/en\/wp-json\/wp\/v2\/pages\/4868\/revisions"}],"predecessor-version":[{"id":5177,"href":"https:\/\/viaro.org\/en\/wp-json\/wp\/v2\/pages\/4868\/revisions\/5177"}],"up":[{"embeddable":true,"href":"https:\/\/viaro.org\/en\/wp-json\/wp\/v2\/pages\/4861"}],"wp:featuredmedia":[{"embeddable":true,"href":"https:\/\/viaro.org\/en\/wp-json\/wp\/v2\/media\/4511"}],"wp:attachment":[{"href":"https:\/\/viaro.org\/en\/wp-json\/wp\/v2\/media?parent=4868"}],"curies":[{"name":"wp","href":"https:\/\/api.w.org\/{rel}","templated":true}]}}