{"id":4880,"date":"2019-12-11T09:29:14","date_gmt":"2019-12-11T09:29:14","guid":{"rendered":"http:\/\/viaro.org\/1999-caram-no-hi-ha-festa\/"},"modified":"2020-02-12T09:15:16","modified_gmt":"2020-02-12T09:15:16","slug":"1999-caram-no-hi-ha-festa","status":"publish","type":"page","link":"https:\/\/viaro.org\/en\/25-years-of-musicals\/1999-caram-no-hi-ha-festa\/","title":{"rendered":"1999 &#8211; Caram! (No hi ha festa)"},"content":{"rendered":"\n<figure class=\"wp-block-image size-large\"><img decoding=\"async\" width=\"1024\" height=\"683\" src=\"http:\/\/viaro.org\/wp-content\/uploads\/2019\/12\/Portada_FestaNadal-5-1-1024x683.jpg\" alt=\"\" class=\"wp-image-4741\" srcset=\"https:\/\/viaro.org\/wp-content\/uploads\/2019\/12\/Portada_FestaNadal-5-1-1024x683.jpg 1024w, https:\/\/viaro.org\/wp-content\/uploads\/2019\/12\/Portada_FestaNadal-5-1-300x200.jpg 300w, https:\/\/viaro.org\/wp-content\/uploads\/2019\/12\/Portada_FestaNadal-5-1-768x512.jpg 768w, https:\/\/viaro.org\/wp-content\/uploads\/2019\/12\/Portada_FestaNadal-5-1-391x260.jpg 391w, https:\/\/viaro.org\/wp-content\/uploads\/2019\/12\/Portada_FestaNadal-5-1-1536x1024.jpg 1536w, https:\/\/viaro.org\/wp-content\/uploads\/2019\/12\/Portada_FestaNadal-5-1-2048x1365.jpg 2048w\" sizes=\"(max-width: 1024px) 100vw, 1024px\" \/><\/figure>\n\n\n\n<div class=\"wp-block-button aligncenter\"><a class=\"wp-block-button__link has-background no-border-radius\" href=\"https:\/\/drive.google.com\/open?id=1j_9VeI1p6X6B8y8Ev0id9MePfqd1g_2S\" style=\"background-color:#b2153f\" target=\"_blank\" rel=\"noopener\">Descarregar can\u00e7ons<\/a><\/div>\n\n\n\n<div class=\"wp-block-button aligncenter\"><a class=\"wp-block-button__link has-background no-border-radius\" href=\"https:\/\/drive.google.com\/open?id=1wpug-MmnfFrb2fG7aaMKHlAgi7A3szDM\" style=\"background-color:#b2153f\" target=\"_blank\" rel=\"noopener\">Descarregar gui\u00f3<\/a><\/div>\n\n\n\n<p>Sabeu qui s\u00f3n els tramoistes del teatre? Exacte: s\u00f3n els\nencarregats de posar i treure tots els decorats i elements que els ballarins,\ncantants i actors utilitzen dalt de l\u2019escenari. Sense ells ho tindrien molt\ndif\u00edcil per lluir-se com ho fan\u2026<\/p>\n\n\n\n<p>Als tramoistes normalment no els veiem perqu\u00e8 \u201cactuen\u201d quan els\nactors ja no hi s\u00f3n; i si els veiem \u00e9s que alguna cosa no rutlla\u2026 I la hist\u00f2ria\nque ara us expliquem us l\u2019expliquem perqu\u00e8 alguna cosa no funcionava a la Festa\nde Nadal quan amb tot el Poliesportiu ple de gent -esperant que comenc\u00e9s la\nFesta com cada any, puntualment a les 11.30h- van apar\u00e8ixer dos tramoistes xiulant,\ni es van posar a recollir-ho tot tranquil\u00b7lament\u2026<\/p>\n\n\n\n<p>Naturalment la gent del p\u00fablic els va cridar l\u2019atenci\u00f3! Qu\u00e8 feien\nrecollint si l\u2019espectacle encara no havia comen\u00e7at? Els dos homes es van mirar\nperplexos: s\u2019havien equivocat d\u2019hora. Estaven conven\u00e7uts que la Festa acabava a\nles 11.30h en comptes de comen\u00e7ar a les 11.30h! Qu\u00e8 podien fer? Perqu\u00e8 en la\nseva confusi\u00f3 havien fet marxar a casa a tots els actors, m\u00fasics i ballarins\u2026\nNom\u00e9s quedaven ells dos, al teatre. B\u00e9, ells dos i vuit-centes persones de\np\u00fablic que no estaven disposades a marxar sense haver vist la festa de Nadal.<\/p>\n\n\n\n<p>Per\u00f2 si una cosa tenen els tramoistes \u00e9s que saben resoldre sobre la marxa\nles situacions m\u00e9s complicades: no deixarien a tota aquella gent sense Festa de\nNadal: ells mateixos la farien! Tenien tot el que cal: un escenari, un p\u00fablic\u2026\ni un bagul ple de les disfresses, l\u2019atrezzo i les hist\u00f2ries de les festes de\nNadal de Viar\u00f3 dels darrers 10 anys!<\/p>\n\n\n\n<p>Aix\u00ed que els dos amics van fer desfilar per l\u2019escena personatges i\nelements de festes passades, perqu\u00e8 cadascuna \u00e9s un regal en si mateixa.<\/p>\n\n\n\n<p>La ll\u00e0stima \u00e9s que el capat\u00e0s del teatre tenia unes altres\nintencions i per aix\u00f2 havia enviat el seu ajudant per ordenar als dos operaris\nque ho recollissin tot de seguida. S\u2019havia de tancar el teatre.<\/p>\n\n\n\n<p>Per\u00f2 malgrat les presses els tramoistes ja estaven llan\u00e7ats:\nseguien traient del bagul barrets, espases, capes i m\u00e0scares del passat. I fins\ni tot una ampolla de cava que els va deixar tan \u201ccontents\u201d que els va caldre\ndespr\u00e9s una capbussada \u201cBajo el mar\u201d per refrescar la closca. <\/p>\n\n\n\n<p>I \u00e9s que la felicitat ni es compra ni cal buscar-la a la Lluna!\nN\u2019hi ha prou gaudint el que tenim, compartint-ho i , si pots ser, regalant-ho\nals altres! Aix\u00ed que, quan l\u2019ajudant del capat\u00e0s va tornar i va veure que\nl\u2019escenari estava encara m\u00e9s ple d\u2019andr\u00f2mines que abans els dos tramoistes li van haver d\u2019explicar que estaven\nfent gaudir tothom d\u2019all\u00f2 m\u00e9s, i que era el millor que els havia passat en molt\nde temps. L\u2019ajudant del capat\u00e0s estava a punt de desmaiar-se per\u00f2 no va tenir\ntemps perqu\u00e8 darrere seu va apar\u00e8ixer el rondinaire del seu cap -el capat\u00e0s en\npersona- que va comen\u00e7ar a escridassar tothom.<\/p>\n\n\n\n<p>Naturalment la solucio tamb\u00e9 va sortir del bagul: una colla\nd\u2019escombriaires plens de ritme va recollir-ho tot en un tres i no res mentre\nfeien repicar pals escombres, cubells i raspalls! I \u00e9s que entre uns i altres\nhavien aconseguit fer la feina que el capat\u00e0s els havia manat i alhora posar en\nescena una Festa de Nadal m\u00e9s -a partir d\u2019alguns retalls de Festes passades- i\nben particular; perqu\u00e8, de vegades, mirar enrere \u00e9s una bona cosa.<\/p>\n\n\n\n<p>(Per\u00f2 mirar b\u00e9 les hores, tamb\u00e9).<\/p>\n","protected":false},"excerpt":{"rendered":"<p>Sabeu qui s\u00f3n els tramoistes del teatre? Exacte: s\u00f3n els encarregats de posar i treure tots els decorats i elements que els ballarins, cantants i actors utilitzen dalt de l\u2019escenari. Sense ells ho tindrien molt dif\u00edcil per lluir-se com ho fan\u2026 Als tramoistes normalment no els veiem perqu\u00e8 \u201cactuen\u201d quan els actors ja no hi [&hellip;]<\/p>\n","protected":false},"author":11,"featured_media":4511,"parent":4861,"menu_order":5,"comment_status":"closed","ping_status":"closed","template":"template-ibsc.php","meta":{"_uag_custom_page_level_css":"","_joinchat":[],"footnotes":""},"class_list":["post-4880","page","type-page","status-publish","has-post-thumbnail","hentry"],"uagb_featured_image_src":{"full":["https:\/\/viaro.org\/wp-content\/uploads\/2019\/11\/181215-PMacM-3080.jpg",2560,1705,false],"thumbnail":["https:\/\/viaro.org\/wp-content\/uploads\/2019\/11\/181215-PMacM-3080-150x150.jpg",150,150,true],"medium":["https:\/\/viaro.org\/wp-content\/uploads\/2019\/11\/181215-PMacM-3080-300x200.jpg",300,200,true],"medium_large":["https:\/\/viaro.org\/wp-content\/uploads\/2019\/11\/181215-PMacM-3080-768x512.jpg",640,427,true],"large":["https:\/\/viaro.org\/wp-content\/uploads\/2019\/11\/181215-PMacM-3080-1024x682.jpg",640,426,true],"1536x1536":["https:\/\/viaro.org\/wp-content\/uploads\/2019\/11\/181215-PMacM-3080.jpg",1536,1023,false],"2048x2048":["https:\/\/viaro.org\/wp-content\/uploads\/2019\/11\/181215-PMacM-3080.jpg",2048,1364,false],"related-content":["https:\/\/viaro.org\/wp-content\/uploads\/2019\/11\/181215-PMacM-3080-297x167.jpg",297,167,true]},"uagb_author_info":{"display_name":"Comunicaci\u00f3 Viar\u00f3","author_link":"https:\/\/viaro.org\/en\/author\/viarocom\/"},"uagb_comment_info":0,"uagb_excerpt":"Sabeu qui s\u00f3n els tramoistes del teatre? Exacte: s\u00f3n els encarregats de posar i treure tots els decorats i elements que els ballarins, cantants i actors utilitzen dalt de l\u2019escenari. Sense ells ho tindrien molt dif\u00edcil per lluir-se com ho fan\u2026 Als tramoistes normalment no els veiem perqu\u00e8 \u201cactuen\u201d quan els actors ja no hi&hellip;","_links":{"self":[{"href":"https:\/\/viaro.org\/en\/wp-json\/wp\/v2\/pages\/4880","targetHints":{"allow":["GET"]}}],"collection":[{"href":"https:\/\/viaro.org\/en\/wp-json\/wp\/v2\/pages"}],"about":[{"href":"https:\/\/viaro.org\/en\/wp-json\/wp\/v2\/types\/page"}],"author":[{"embeddable":true,"href":"https:\/\/viaro.org\/en\/wp-json\/wp\/v2\/users\/11"}],"replies":[{"embeddable":true,"href":"https:\/\/viaro.org\/en\/wp-json\/wp\/v2\/comments?post=4880"}],"version-history":[{"count":2,"href":"https:\/\/viaro.org\/en\/wp-json\/wp\/v2\/pages\/4880\/revisions"}],"predecessor-version":[{"id":5189,"href":"https:\/\/viaro.org\/en\/wp-json\/wp\/v2\/pages\/4880\/revisions\/5189"}],"up":[{"embeddable":true,"href":"https:\/\/viaro.org\/en\/wp-json\/wp\/v2\/pages\/4861"}],"wp:featuredmedia":[{"embeddable":true,"href":"https:\/\/viaro.org\/en\/wp-json\/wp\/v2\/media\/4511"}],"wp:attachment":[{"href":"https:\/\/viaro.org\/en\/wp-json\/wp\/v2\/media?parent=4880"}],"curies":[{"name":"wp","href":"https:\/\/api.w.org\/{rel}","templated":true}]}}