{"id":4885,"date":"2019-12-11T09:31:28","date_gmt":"2019-12-11T09:31:28","guid":{"rendered":"http:\/\/viaro.org\/2000-moravit-un-califa-amb-idees\/"},"modified":"2020-02-12T09:15:44","modified_gmt":"2020-02-12T09:15:44","slug":"2000-moravit-un-califa-amb-idees","status":"publish","type":"page","link":"https:\/\/viaro.org\/en\/25-years-of-musicals\/2000-moravit-un-califa-amb-idees\/","title":{"rendered":"2000 &#8211; Mor\u00e0vit, un califa amb idees"},"content":{"rendered":"\n<figure class=\"wp-block-image size-large\"><img decoding=\"async\" width=\"1024\" height=\"683\" src=\"http:\/\/viaro.org\/wp-content\/uploads\/2019\/12\/Portada_FestaNadal-6-1-1024x683.jpg\" alt=\"\" class=\"wp-image-4744\" srcset=\"https:\/\/viaro.org\/wp-content\/uploads\/2019\/12\/Portada_FestaNadal-6-1-1024x683.jpg 1024w, https:\/\/viaro.org\/wp-content\/uploads\/2019\/12\/Portada_FestaNadal-6-1-300x200.jpg 300w, https:\/\/viaro.org\/wp-content\/uploads\/2019\/12\/Portada_FestaNadal-6-1-768x512.jpg 768w, https:\/\/viaro.org\/wp-content\/uploads\/2019\/12\/Portada_FestaNadal-6-1-391x260.jpg 391w, https:\/\/viaro.org\/wp-content\/uploads\/2019\/12\/Portada_FestaNadal-6-1-1536x1024.jpg 1536w, https:\/\/viaro.org\/wp-content\/uploads\/2019\/12\/Portada_FestaNadal-6-1-2048x1365.jpg 2048w\" sizes=\"(max-width: 1024px) 100vw, 1024px\" \/><\/figure>\n\n\n\n<div class=\"wp-block-button aligncenter\"><a class=\"wp-block-button__link has-background no-border-radius\" href=\"https:\/\/drive.google.com\/open?id=1P2TElIKrRgyynMTkGgWcGewUkeRxRQkN\" style=\"background-color:#b2153f\" target=\"_blank\" rel=\"noopener\">Descarregar can\u00e7ons<\/a><\/div>\n\n\n\n<div class=\"wp-block-button aligncenter\"><a class=\"wp-block-button__link has-background no-border-radius\" href=\"https:\/\/drive.google.com\/open?id=1_HR93h4n4-gGS2QNGyW3zSEOchs7zwpC\" style=\"background-color:#b2153f\" target=\"_blank\" rel=\"noopener\">Descarregar gui\u00f3<\/a><\/div>\n\n\n\n<p>El gran califa Mor\u00e0vit, rei de Disacapra, pertanyia a una dinastia\nd\u2019il\u00b7lustres personatges: tots els seus avantpassats havien estat grans\ngovernants, grans conqueridors o grans savis i, de vegades, totes tres coses\nalhora ; per\u00f2 ell, Mor\u00e0vit, era el petit califa d\u2019un poble pac\u00edfic i sense\nambici\u00f3. <\/p>\n\n\n\n<p>Tanta apatia feia patir els seus consellers. \u201cAl poble li has de\ndonar alguna distracci\u00f3 o acabar\u00e0 revoltant-se\u201d, li deien; per\u00f2 el problema de\nDisacapra \u00e9s que estava tan lluny de tot i tothom que ni tenia enemics ni\nterres per conquerir\u2026 Qui tindria ganes de barallar-se amb una gent que vivia\na\u00efllada enmig del desert?<\/p>\n\n\n\n<p>Tanmateix Mor\u00e0vit ho tenia clar: s\u00ed o s\u00ed s\u2019havia de convertir en\nel rei m\u00e9s important de la hist\u00f2ria del seu poble.<\/p>\n\n\n\n<p>Com que al desert l\u2019aigua no \u00e9s f\u00e0cil\ntrobar-la el primer que Mor\u00e0vit va intentar fou construir una presa monumental;\nper\u00f2 l\u2019obra fracass\u00e0 per massa ambici\u00f3 i massa pocs c\u00e0lculs. I per ben poc no\nhi va haver una desgr\u00e0cia de les que s\u00ed que passen als llibres d\u2019hist\u00f2ria: la\npresa es va ensorrar quan l\u2019estaven inaugurant i l\u2019aigua del riu va estarben a\npunt d\u2019endur-s\u2019ho tot -ciutat i rei- per endavant\u2026<\/p>\n\n\n\n<p>Per\u00f2 un califa que aspira a ser gran no es\npot rendir: si no va poder governar el riu, governaria la pluja. Aix\u00ed que va\ncontractar un bruixot perqu\u00e8 li enseny\u00e9s la dansa de la pluja\u2026 Imagineu-vos el\nresultat: dansa, molta; pluja, gens. Quin rid\u00edcul davant dels seus s\u00fabdits,\npobre Mor\u00e0vit!<\/p>\n\n\n\n<p>Cada cop m\u00e9s nervi\u00f3s i impacient, el califa\norden\u00e0 la construcci\u00f3 d\u2019un enorme rellotge de sorra. Amb aquest invent, deia\nell, controlaria els minuts i els hores i esdevindria el senyor del temps. Per\u00f2\nun cop m\u00e9s la idea de Mor\u00e0vit va sortir malament: els tranquils habitants de\nDisacapra tot d\u2019una es van veure obligats a anar corrent d\u2019una banda a l\u2019altra\nsense saber ni per qu\u00e8 corrien. Mor\u00e0vit volia ser l\u2019amo del temps i els havia\nconvertit a tots en esclaus del rellotge\u2026<\/p>\n\n\n\n<p>Aquest tercer frac\u00e0s del califa el deix\u00e0 molt\nenfonsat. Mor\u00e0vit se sentia derrotat i va planejar marxar de Disacapra, d\u2019amagat,\na la posta de sol. Per\u00f2 quan al\u00e7\u00e0 els ulls a l\u2019horitz\u00f3 vei\u00e9 passar la caravana\nde camells que cada any per aquelles dates creuava el desert cap a occident.\nMor\u00e0vit els sort\u00ed a l\u2019encontre i aix\u00ed conegu\u00e9 tres reis savis que anaven cap a\nBetlem seguint un estel. Eren -\u00e9s clar- els reis d\u2019Orient, que li mostraren la\ngrandesa de les coses petites; en poques paraules: que fes del seu poble un\ngran poble, no amb somnis irreals sin\u00f3 amb la feina de cada dia, i de servei\nals altres. \u201cAix\u00f2 \u2013li van dir- et far\u00e0 un rei immortal\u2026\u201d<\/p>\n\n\n\n<p>Mor\u00e0vit els va agrair molt el savi consell, i promet\u00e9 aplicar-s\u2019hi\namb totes les seves forces; per\u00f2 abans volgu\u00e9 acompanyar els reisd\u2019Orient en el\nseu pelegrinatge fins a Betlem, per adorar el veritable Rei de reis.<\/p>\n","protected":false},"excerpt":{"rendered":"<p>El gran califa Mor\u00e0vit, rei de Disacapra, pertanyia a una dinastia d\u2019il\u00b7lustres personatges: tots els seus avantpassats havien estat grans governants, grans conqueridors o grans savis i, de vegades, totes tres coses alhora ; per\u00f2 ell, Mor\u00e0vit, era el petit califa d\u2019un poble pac\u00edfic i sense ambici\u00f3. Tanta apatia feia patir els seus consellers. \u201cAl [&hellip;]<\/p>\n","protected":false},"author":11,"featured_media":4511,"parent":4861,"menu_order":6,"comment_status":"closed","ping_status":"closed","template":"template-ibsc.php","meta":{"_uag_custom_page_level_css":"","_joinchat":[],"footnotes":""},"class_list":["post-4885","page","type-page","status-publish","has-post-thumbnail","hentry"],"uagb_featured_image_src":{"full":["https:\/\/viaro.org\/wp-content\/uploads\/2019\/11\/181215-PMacM-3080.jpg",2560,1705,false],"thumbnail":["https:\/\/viaro.org\/wp-content\/uploads\/2019\/11\/181215-PMacM-3080-150x150.jpg",150,150,true],"medium":["https:\/\/viaro.org\/wp-content\/uploads\/2019\/11\/181215-PMacM-3080-300x200.jpg",300,200,true],"medium_large":["https:\/\/viaro.org\/wp-content\/uploads\/2019\/11\/181215-PMacM-3080-768x512.jpg",640,427,true],"large":["https:\/\/viaro.org\/wp-content\/uploads\/2019\/11\/181215-PMacM-3080-1024x682.jpg",640,426,true],"1536x1536":["https:\/\/viaro.org\/wp-content\/uploads\/2019\/11\/181215-PMacM-3080.jpg",1536,1023,false],"2048x2048":["https:\/\/viaro.org\/wp-content\/uploads\/2019\/11\/181215-PMacM-3080.jpg",2048,1364,false],"related-content":["https:\/\/viaro.org\/wp-content\/uploads\/2019\/11\/181215-PMacM-3080-297x167.jpg",297,167,true]},"uagb_author_info":{"display_name":"Comunicaci\u00f3 Viar\u00f3","author_link":"https:\/\/viaro.org\/en\/author\/viarocom\/"},"uagb_comment_info":0,"uagb_excerpt":"El gran califa Mor\u00e0vit, rei de Disacapra, pertanyia a una dinastia d\u2019il\u00b7lustres personatges: tots els seus avantpassats havien estat grans governants, grans conqueridors o grans savis i, de vegades, totes tres coses alhora ; per\u00f2 ell, Mor\u00e0vit, era el petit califa d\u2019un poble pac\u00edfic i sense ambici\u00f3. Tanta apatia feia patir els seus consellers. \u201cAl&hellip;","_links":{"self":[{"href":"https:\/\/viaro.org\/en\/wp-json\/wp\/v2\/pages\/4885","targetHints":{"allow":["GET"]}}],"collection":[{"href":"https:\/\/viaro.org\/en\/wp-json\/wp\/v2\/pages"}],"about":[{"href":"https:\/\/viaro.org\/en\/wp-json\/wp\/v2\/types\/page"}],"author":[{"embeddable":true,"href":"https:\/\/viaro.org\/en\/wp-json\/wp\/v2\/users\/11"}],"replies":[{"embeddable":true,"href":"https:\/\/viaro.org\/en\/wp-json\/wp\/v2\/comments?post=4885"}],"version-history":[{"count":2,"href":"https:\/\/viaro.org\/en\/wp-json\/wp\/v2\/pages\/4885\/revisions"}],"predecessor-version":[{"id":5192,"href":"https:\/\/viaro.org\/en\/wp-json\/wp\/v2\/pages\/4885\/revisions\/5192"}],"up":[{"embeddable":true,"href":"https:\/\/viaro.org\/en\/wp-json\/wp\/v2\/pages\/4861"}],"wp:featuredmedia":[{"embeddable":true,"href":"https:\/\/viaro.org\/en\/wp-json\/wp\/v2\/media\/4511"}],"wp:attachment":[{"href":"https:\/\/viaro.org\/en\/wp-json\/wp\/v2\/media?parent=4885"}],"curies":[{"name":"wp","href":"https:\/\/api.w.org\/{rel}","templated":true}]}}