{"id":757,"date":"2018-09-26T10:27:55","date_gmt":"2018-09-26T10:27:55","guid":{"rendered":"http:\/\/viaro.org\/ampa\/"},"modified":"2022-12-04T18:40:45","modified_gmt":"2022-12-04T18:40:45","slug":"ampa","status":"publish","type":"page","link":"https:\/\/viaro.org\/en\/comunidad-y-servicios\/ampa\/","title":{"rendered":"AMPA"},"content":{"rendered":"\n<h3 class=\"wp-block-heading\"><strong>DESDE EL AMPA DEL\u00a0<a href=\"https:\/\/www.google.com\/maps\/place\/Viar%C3%B3+Global+School\/@41.4856954,2.0778966,15z\/data=!4m2!3m1!1s0x0:0xcedcfd7972da40e6?sa=X&amp;ved=2ahUKEwjNodfKr5X1AhU_l2oFHQQ8D6wQ_BJ6BAg-EAU\" target=\"_blank\" rel=\"noreferrer noopener\">COLEGIO VIAR\u00d3<\/a>\u00a0(ASOCIACI\u00d3N DE MADRES Y PADRES DE ALUMNOS), LAS FAMILIAS PODEMOS COLABORAR CON EL COLEGIO EN EL PROYECTO EDUCATIVO DE NUESTROS HIJOS.<\/strong><\/h3>\n\n<h3 class=\"wp-block-heading\">DE ACUERDO CON NUESTROS ESTATUTOS, LA MISI\u00d3N DEL AMPA DEL COLEGIO VIAR\u00d3 ES: <\/h3>\n\n<ul class=\"wp-block-list\">\n<li>Representar a las familias de Viar\u00f3 en los \u00f3rganos de direcci\u00f3n del colegio.<\/li>\n\n\n\n<li>Colaborar tanto en las actividades educativas del colegio como en la programaci\u00f3n de actividades complementarias, extraescolares y de servicios.<\/li>\n\n\n\n<li>Fomentar la formaci\u00f3n de los padres en el \u00e1mbito cultural, espiritual y familiar.<\/li>\n\n\n\n<li>Facilitar la relaci\u00f3n del colegio con las instituciones de su entorno.<\/li>\n<\/ul>\n\n<h2 class=\"wp-block-heading\">Servicios<\/h2>\n\n<p>Gracias a las aportaciones de las familias asociadas, podemos ofrecer actualmente los siguientes servicios:<\/p>\n\n<ul class=\"wp-block-list\">\n<li>Servicio de uniformes de segunda mano.<\/li>\n\n\n\n<li>Servicio de compra de libros.<\/li>\n\n\n\n<li>Cena para padres en las reuniones trimestrales.<\/li>\n\n\n\n<li>Equipaci\u00f3n deportiva de alumnos.<\/li>\n\n\n\n<li>Trofeos de competiciones deportivas.<\/li>\n<\/ul>\n\n<div class=\"wp-block-columns is-layout-flex wp-container-core-columns-is-layout-9d6595d7 wp-block-columns-is-layout-flex\">\n<div class=\"wp-block-column is-layout-flow wp-block-column-is-layout-flow\">\n<h3 class=\"wp-block-heading\">Hazte Socio<\/h3>\n\n\n\n<p><strong>Hazte socio del AMPA del colegio Viar\u00f3<\/strong>&#13;\nPor s\u00f3lo 30\u20ac \/ a\u00f1o por familia, puedes hacerte socio del AMPA y ayudar as\u00ed a todos los actos que se organizan durante el a\u00f1o.<\/p>\n<\/div>\n\n\n\n<div class=\"wp-block-column is-layout-flow wp-block-column-is-layout-flow\">\n<h3 class=\"wp-block-heading\">Contacto<\/h3>\n\n\n\n<p>Estamos a vuestra disposici\u00f3n para atender cualquier petici\u00f3n o consulta a trav\u00e9s del e-mail:\u00a0<a href=\"mailto:ampa@viaro.org\">ampa@viaro.org<\/a><\/p>\n<\/div>\n<\/div>\n\n<div class=\"wp-block-contact-form-7-contact-form-selector\">\n<div class=\"wpcf7 no-js\" id=\"wpcf7-f1562-o1\" lang=\"en-US\" dir=\"ltr\" data-wpcf7-id=\"1562\">\n<div class=\"screen-reader-response\"><p role=\"status\" aria-live=\"polite\" aria-atomic=\"true\"><\/p> <ul><\/ul><\/div>\n<form action=\"\/en\/wp-json\/wp\/v2\/pages\/757#wpcf7-f1562-o1\" method=\"post\" class=\"wpcf7-form init\" aria-label=\"Contact form\" novalidate=\"novalidate\" data-status=\"init\">\n<fieldset class=\"hidden-fields-container\"><input type=\"hidden\" name=\"_wpcf7\" value=\"1562\" \/><input type=\"hidden\" name=\"_wpcf7_version\" value=\"6.1.5\" \/><input type=\"hidden\" name=\"_wpcf7_locale\" value=\"en_US\" \/><input type=\"hidden\" name=\"_wpcf7_unit_tag\" value=\"wpcf7-f1562-o1\" \/><input type=\"hidden\" name=\"_wpcf7_container_post\" value=\"0\" \/><input type=\"hidden\" name=\"_wpcf7_posted_data_hash\" value=\"\" \/><input type=\"hidden\" name=\"_wpcf7_recaptcha_response\" value=\"\" \/>\n<\/fieldset>\n<p><span class=\"wpcf7-form-control-wrap\" data-name=\"nombre-madre\"><input size=\"40\" maxlength=\"400\" class=\"wpcf7-form-control wpcf7-text wpcf7-validates-as-required\" aria-required=\"true\" aria-invalid=\"false\" placeholder=\"Mother&#039;s name and surname\" value=\"\" type=\"text\" name=\"nombre-madre\" \/><\/span>\n<\/p>\n<p><span class=\"wpcf7-form-control-wrap\" data-name=\"dni-madre\"><input size=\"40\" maxlength=\"400\" class=\"wpcf7-form-control wpcf7-text wpcf7-validates-as-required\" aria-required=\"true\" aria-invalid=\"false\" placeholder=\"Mother&#039;s ID\" value=\"\" type=\"text\" name=\"dni-madre\" \/><\/span>\n<\/p>\n<p><span class=\"wpcf7-form-control-wrap\" data-name=\"nombre-padre\"><input size=\"40\" maxlength=\"400\" class=\"wpcf7-form-control wpcf7-text wpcf7-validates-as-required\" aria-required=\"true\" aria-invalid=\"false\" placeholder=\"Father&#039;s name and surname\" value=\"\" type=\"text\" name=\"nombre-padre\" \/><\/span>\n<\/p>\n<p><span class=\"wpcf7-form-control-wrap\" data-name=\"dni-padre\"><input size=\"40\" maxlength=\"400\" class=\"wpcf7-form-control wpcf7-text wpcf7-validates-as-required\" aria-required=\"true\" aria-invalid=\"false\" placeholder=\"Father&#039;s ID\" value=\"\" type=\"text\" name=\"dni-padre\" \/><\/span>\n<\/p>\n<p><span class=\"wpcf7-form-control-wrap\" data-name=\"direccion\"><input size=\"40\" maxlength=\"400\" class=\"wpcf7-form-control wpcf7-text wpcf7-validates-as-required\" aria-required=\"true\" aria-invalid=\"false\" placeholder=\"Address\" value=\"\" type=\"text\" name=\"direccion\" \/><\/span>\n<\/p>\n<p><span class=\"wpcf7-form-control-wrap\" data-name=\"nombre-hijo-1\"><input size=\"40\" maxlength=\"400\" class=\"wpcf7-form-control wpcf7-text wpcf7-validates-as-required\" aria-required=\"true\" aria-invalid=\"false\" placeholder=\"Child&#039;s name\" value=\"\" type=\"text\" name=\"nombre-hijo-1\" \/><\/span>\n<\/p>\n<p><span class=\"wpcf7-form-control-wrap\" data-name=\"nombre-hijo-2\"><input size=\"40\" maxlength=\"400\" class=\"wpcf7-form-control wpcf7-text\" aria-invalid=\"false\" placeholder=\"Child&#039;s name\" value=\"\" type=\"text\" name=\"nombre-hijo-2\" \/><\/span>\n<\/p>\n<p><span class=\"wpcf7-form-control-wrap\" data-name=\"nombre-hijo-3\"><input size=\"40\" maxlength=\"400\" class=\"wpcf7-form-control wpcf7-text\" aria-invalid=\"false\" placeholder=\"Child&#039;s name\" value=\"\" type=\"text\" name=\"nombre-hijo-3\" \/><\/span>\n<\/p>\n<p><span class=\"wpcf7-form-control-wrap\" data-name=\"email\"><input size=\"40\" maxlength=\"400\" class=\"wpcf7-form-control wpcf7-email wpcf7-validates-as-required wpcf7-text wpcf7-validates-as-email\" aria-required=\"true\" aria-invalid=\"false\" placeholder=\"E-mail\" value=\"\" type=\"email\" name=\"email\" \/><\/span>\n<\/p>\n<p><span class=\"wpcf7-form-control-wrap\" data-name=\"telefono\"><input size=\"40\" maxlength=\"400\" class=\"wpcf7-form-control wpcf7-tel wpcf7-text wpcf7-validates-as-tel\" aria-invalid=\"false\" placeholder=\"Phone\" value=\"\" type=\"tel\" name=\"telefono\" \/><\/span>\n<\/p>\n<p><label class=\"checkbox\"><br \/>\n<span class=\"wpcf7-form-control-wrap\" data-name=\"ampa-consentimiento\"><span class=\"wpcf7-form-control wpcf7-acceptance\"><span class=\"wpcf7-list-item\"><label><input type=\"checkbox\" name=\"ampa-consentimiento\" value=\"1\" class=\"checkbox\" aria-invalid=\"false\" \/><span class=\"wpcf7-list-item-label\"><span class=\"checkmark\"><\/span><span class=\"text\">We wish to be partners of Viar\u00f3's AMPA and authorize them to charge us a fee of \u20ac30 annually<\/span><\/span><\/label><\/span><\/span><\/span><br \/>\n<\/label>\n<\/p>\n<p><label class=\"checkbox\"><br \/>\n<span class=\"wpcf7-form-control-wrap\" data-name=\"privacidad\"><span class=\"wpcf7-form-control wpcf7-acceptance\"><span class=\"wpcf7-list-item\"><label><input type=\"checkbox\" name=\"privacidad\" value=\"1\" class=\"checkbox\" aria-invalid=\"false\" \/><span class=\"wpcf7-list-item-label\"><span class=\"checkmark\"><\/span><span class=\"text\">I have read and accept the <a href=\"\/aviso-legal\" target=\"_blank\">legal conditions<\/a> and <a href=\"\/politica-privacidad\">privacy Policy<\/a><\/span><\/span><\/label><\/span><\/span><\/span><br \/>\n<\/label>\n<\/p>\n<p><input class=\"wpcf7-form-control wpcf7-submit has-spinner\" type=\"submit\" value=\"&quot;Enviar&quot;\" \/>\n<\/p><div class=\"wpcf7-response-output\" aria-hidden=\"true\"><\/div>\n<\/form>\n<\/div>\n<\/div>\n","protected":false},"excerpt":{"rendered":"<p>DESDE EL AMPA DEL\u00a0COLEGIO VIAR\u00d3\u00a0(ASOCIACI\u00d3N DE MADRES Y PADRES DE ALUMNOS), LAS FAMILIAS PODEMOS COLABORAR CON EL COLEGIO EN EL PROYECTO EDUCATIVO DE NUESTROS HIJOS. DE ACUERDO CON NUESTROS ESTATUTOS, LA MISI\u00d3N DEL AMPA DEL COLEGIO VIAR\u00d3 ES: Servicios Gracias a las aportaciones de las familias asociadas, podemos ofrecer actualmente los siguientes servicios: Hazte Socio [&hellip;]<\/p>\n","protected":false},"author":2,"featured_media":602,"parent":1338,"menu_order":0,"comment_status":"closed","ping_status":"closed","template":"template-blocks.php","meta":{"_uag_custom_page_level_css":"","_joinchat":[],"footnotes":""},"class_list":["post-757","page","type-page","status-publish","has-post-thumbnail","hentry"],"uagb_featured_image_src":{"full":["https:\/\/viaro.org\/wp-content\/uploads\/2018\/11\/header-ampa.jpg",2880,752,false],"thumbnail":["https:\/\/viaro.org\/wp-content\/uploads\/2018\/11\/header-ampa-150x150.jpg",150,150,true],"medium":["https:\/\/viaro.org\/wp-content\/uploads\/2018\/11\/header-ampa-300x78.jpg",300,78,true],"medium_large":["https:\/\/viaro.org\/wp-content\/uploads\/2018\/11\/header-ampa-768x201.jpg",640,168,true],"large":["https:\/\/viaro.org\/wp-content\/uploads\/2018\/11\/header-ampa-1024x267.jpg",640,167,true],"1536x1536":["https:\/\/viaro.org\/wp-content\/uploads\/2018\/11\/header-ampa.jpg",1536,401,false],"2048x2048":["https:\/\/viaro.org\/wp-content\/uploads\/2018\/11\/header-ampa.jpg",2048,535,false],"related-content":["https:\/\/viaro.org\/wp-content\/uploads\/2018\/11\/header-ampa-297x167.jpg",297,167,true]},"uagb_author_info":{"display_name":"","author_link":"https:\/\/viaro.org\/en\/author\/"},"uagb_comment_info":0,"uagb_excerpt":"DESDE EL AMPA DEL\u00a0COLEGIO VIAR\u00d3\u00a0(ASOCIACI\u00d3N DE MADRES Y PADRES DE ALUMNOS), LAS FAMILIAS PODEMOS COLABORAR CON EL COLEGIO EN EL PROYECTO EDUCATIVO DE NUESTROS HIJOS. DE ACUERDO CON NUESTROS ESTATUTOS, LA MISI\u00d3N DEL AMPA DEL COLEGIO VIAR\u00d3 ES: Servicios Gracias a las aportaciones de las familias asociadas, podemos ofrecer actualmente los siguientes servicios: Hazte Socio&hellip;","_links":{"self":[{"href":"https:\/\/viaro.org\/en\/wp-json\/wp\/v2\/pages\/757","targetHints":{"allow":["GET"]}}],"collection":[{"href":"https:\/\/viaro.org\/en\/wp-json\/wp\/v2\/pages"}],"about":[{"href":"https:\/\/viaro.org\/en\/wp-json\/wp\/v2\/types\/page"}],"author":[{"embeddable":true,"href":"https:\/\/viaro.org\/en\/wp-json\/wp\/v2\/users\/2"}],"replies":[{"embeddable":true,"href":"https:\/\/viaro.org\/en\/wp-json\/wp\/v2\/comments?post=757"}],"version-history":[{"count":6,"href":"https:\/\/viaro.org\/en\/wp-json\/wp\/v2\/pages\/757\/revisions"}],"predecessor-version":[{"id":15002,"href":"https:\/\/viaro.org\/en\/wp-json\/wp\/v2\/pages\/757\/revisions\/15002"}],"up":[{"embeddable":true,"href":"https:\/\/viaro.org\/en\/wp-json\/wp\/v2\/pages\/1338"}],"wp:featuredmedia":[{"embeddable":true,"href":"https:\/\/viaro.org\/en\/wp-json\/wp\/v2\/media\/602"}],"wp:attachment":[{"href":"https:\/\/viaro.org\/en\/wp-json\/wp\/v2\/media?parent=757"}],"curies":[{"name":"wp","href":"https:\/\/api.w.org\/{rel}","templated":true}]}}