{"id":849,"date":"2018-09-26T10:27:32","date_gmt":"2018-09-26T10:27:32","guid":{"rendered":"http:\/\/viaro.org\/servicio-a-la-comunidad\/"},"modified":"2019-02-20T16:55:35","modified_gmt":"2019-02-20T16:55:35","slug":"servicio-a-la-comunidad","status":"publish","type":"page","link":"https:\/\/viaro.org\/en\/comunidad-y-servicios\/servicio-a-la-comunidad\/","title":{"rendered":"Service to the Community"},"content":{"rendered":"<h2>Commitment to those nearest<\/h2>\n<p>Committed to our mission of working together for the construction of a better society, we organize several food collection campaigns every year. The items that are received are delivered to the Asociaci\u00f3n Acci\u00f3n Social Montalegre de Barcelona and to C\u00e1ritas Sant Cugat, which are responsible for distributing them to families in need in these municipalities.<\/p>\n<p><img decoding=\"async\" class=\"size-full wp-image-580 aligncenter\" src=\"https:\/\/viaro.org\/wp-content\/uploads\/2018\/10\/caritas.jpg\" alt=\"caritas\" width=\"197\" height=\"165\" \/><br \/>\n<img decoding=\"async\" class=\"size-full wp-image-581 aligncenter\" src=\"https:\/\/viaro.org\/wp-content\/uploads\/2018\/10\/asm.jpg\" alt=\"asm\" width=\"435\" height=\"147\" srcset=\"https:\/\/viaro.org\/wp-content\/uploads\/2018\/10\/asm.jpg 435w, https:\/\/viaro.org\/wp-content\/uploads\/2018\/10\/asm-300x101.jpg 300w\" sizes=\"(max-width: 435px) 100vw, 435px\" \/><br \/>\n<img decoding=\"async\" class=\"size-full wp-image-582 aligncenter\" src=\"https:\/\/viaro.org\/wp-content\/uploads\/2018\/10\/amma.jpg\" alt=\"grupo amma\" width=\"335\" height=\"174\" srcset=\"https:\/\/viaro.org\/wp-content\/uploads\/2018\/10\/amma.jpg 335w, https:\/\/viaro.org\/wp-content\/uploads\/2018\/10\/amma-300x156.jpg 300w\" sizes=\"(max-width: 335px) 100vw, 335px\" \/><br \/>\n<img decoding=\"async\" class=\"size-full wp-image-583 aligncenter\" src=\"https:\/\/viaro.org\/wp-content\/uploads\/2018\/10\/sant-joan-de-deu.jpg\" alt=\"sant joan de d\u00e9u\" width=\"507\" height=\"113\" srcset=\"https:\/\/viaro.org\/wp-content\/uploads\/2018\/10\/sant-joan-de-deu.jpg 507w, https:\/\/viaro.org\/wp-content\/uploads\/2018\/10\/sant-joan-de-deu-300x67.jpg 300w\" sizes=\"(max-width: 507px) 100vw, 507px\" \/><\/p>\n<p><img decoding=\"async\" class=\"alignnone size-full wp-image-573\" src=\"https:\/\/viaro.org\/wp-content\/uploads\/2018\/10\/solaridad-global.jpg\" alt=\"solaridad global\" width=\"571\" height=\"321\" srcset=\"https:\/\/viaro.org\/wp-content\/uploads\/2018\/10\/solaridad-global.jpg 571w, https:\/\/viaro.org\/wp-content\/uploads\/2018\/10\/solaridad-global-297x167.jpg 297w, https:\/\/viaro.org\/wp-content\/uploads\/2018\/10\/solaridad-global-300x169.jpg 300w, https:\/\/viaro.org\/wp-content\/uploads\/2018\/10\/solaridad-global-410x230.jpg 410w\" sizes=\"(max-width: 571px) 100vw, 571px\" \/><\/p>\n<h2>Global solidarity<\/h2>\n<p>Every Christmas we also organize a campaign to help fund educational and assistance projects (medical centers, improvement of schools, financing of scholarships and operations, etc.) in disadvantaged regions of Africa and Central America.<\/p>\n<p><img decoding=\"async\" class=\"alignnone size-full wp-image-574\" src=\"https:\/\/viaro.org\/wp-content\/uploads\/2018\/10\/recogida-fondos.jpg\" alt=\"recogida de fondos\" width=\"568\" height=\"320\" srcset=\"https:\/\/viaro.org\/wp-content\/uploads\/2018\/10\/recogida-fondos.jpg 568w, https:\/\/viaro.org\/wp-content\/uploads\/2018\/10\/recogida-fondos-297x167.jpg 297w, https:\/\/viaro.org\/wp-content\/uploads\/2018\/10\/recogida-fondos-300x169.jpg 300w, https:\/\/viaro.org\/wp-content\/uploads\/2018\/10\/recogida-fondos-410x231.jpg 410w\" sizes=\"(max-width: 568px) 100vw, 568px\" \/><\/p>\n<h2>Direct contact with people in need<\/h2>\n<p>These food and funding campaigns provide their recipients with all-important aid, and contribute to create a more just and humane society for all. Even so, we consider them to be insufficient for achieving our character formation objectives in terms of solidarity and social responsibility. Therefore, in addition to the awareness sessions we programmed throughout the course, we try to ensure that all Viar\u00f3 students have real and direct contact with people in need.<\/p>\n<p>Currently, and from Secondary onwards, our students perform the following solidarity activities in small groups:<\/p>\n<ol>\n<li>The provision of care and company for elderly in the AMMA Residence in Sant Cugat.<\/li>\n<li>Serving food in the dining rooms of the Missionaries of Charity (Mother Teresa) of Barcelona.<\/li>\n<li>Providing care and attention to sick children at the Sant Joan de D\u00e9u Children&#8217;s Hospital in Barcelona.<\/li>\n<li>Sports activities with disabled people.<\/li>\n<li>A Solidarity end-of-course trip abroad (for students who wish to take part, after finishing 2nd of Bachillerato.<\/li>\n<\/ol>\n","protected":false},"excerpt":{"rendered":"<p>Commitment to those nearest Committed to our mission of working together for the construction of a better society, we organize several food collection campaigns every year. The items that are received are delivered to the Asociaci\u00f3n Acci\u00f3n Social Montalegre de Barcelona and to C\u00e1ritas Sant Cugat, which are responsible for distributing them to families in [&hellip;]<\/p>\n","protected":false},"author":2,"featured_media":619,"parent":1338,"menu_order":0,"comment_status":"closed","ping_status":"closed","template":"page-related.php","meta":{"_uag_custom_page_level_css":"","_joinchat":[],"footnotes":""},"class_list":["post-849","page","type-page","status-publish","has-post-thumbnail","hentry"],"uagb_featured_image_src":{"full":["https:\/\/viaro.org\/wp-content\/uploads\/2018\/11\/header-servicio-comunidad.jpg",2880,752,false],"thumbnail":["https:\/\/viaro.org\/wp-content\/uploads\/2018\/11\/header-servicio-comunidad-150x150.jpg",150,150,true],"medium":["https:\/\/viaro.org\/wp-content\/uploads\/2018\/11\/header-servicio-comunidad-300x78.jpg",300,78,true],"medium_large":["https:\/\/viaro.org\/wp-content\/uploads\/2018\/11\/header-servicio-comunidad-768x201.jpg",640,168,true],"large":["https:\/\/viaro.org\/wp-content\/uploads\/2018\/11\/header-servicio-comunidad-1024x267.jpg",640,167,true],"1536x1536":["https:\/\/viaro.org\/wp-content\/uploads\/2018\/11\/header-servicio-comunidad.jpg",1536,401,false],"2048x2048":["https:\/\/viaro.org\/wp-content\/uploads\/2018\/11\/header-servicio-comunidad.jpg",2048,535,false],"related-content":["https:\/\/viaro.org\/wp-content\/uploads\/2018\/11\/header-servicio-comunidad-297x167.jpg",297,167,true]},"uagb_author_info":{"display_name":"","author_link":"https:\/\/viaro.org\/en\/author\/"},"uagb_comment_info":0,"uagb_excerpt":"Commitment to those nearest Committed to our mission of working together for the construction of a better society, we organize several food collection campaigns every year. The items that are received are delivered to the Asociaci\u00f3n Acci\u00f3n Social Montalegre de Barcelona and to C\u00e1ritas Sant Cugat, which are responsible for distributing them to families in&hellip;","_links":{"self":[{"href":"https:\/\/viaro.org\/en\/wp-json\/wp\/v2\/pages\/849","targetHints":{"allow":["GET"]}}],"collection":[{"href":"https:\/\/viaro.org\/en\/wp-json\/wp\/v2\/pages"}],"about":[{"href":"https:\/\/viaro.org\/en\/wp-json\/wp\/v2\/types\/page"}],"author":[{"embeddable":true,"href":"https:\/\/viaro.org\/en\/wp-json\/wp\/v2\/users\/2"}],"replies":[{"embeddable":true,"href":"https:\/\/viaro.org\/en\/wp-json\/wp\/v2\/comments?post=849"}],"version-history":[{"count":1,"href":"https:\/\/viaro.org\/en\/wp-json\/wp\/v2\/pages\/849\/revisions"}],"predecessor-version":[{"id":851,"href":"https:\/\/viaro.org\/en\/wp-json\/wp\/v2\/pages\/849\/revisions\/851"}],"up":[{"embeddable":true,"href":"https:\/\/viaro.org\/en\/wp-json\/wp\/v2\/pages\/1338"}],"wp:featuredmedia":[{"embeddable":true,"href":"https:\/\/viaro.org\/en\/wp-json\/wp\/v2\/media\/619"}],"wp:attachment":[{"href":"https:\/\/viaro.org\/en\/wp-json\/wp\/v2\/media?parent=849"}],"curies":[{"name":"wp","href":"https:\/\/api.w.org\/{rel}","templated":true}]}}