{"id":852,"date":"2023-12-04T11:40:48","date_gmt":"2023-12-04T11:40:48","guid":{"rendered":"http:\/\/viaro.org\/capellania\/"},"modified":"2025-08-03T10:31:50","modified_gmt":"2025-08-03T10:31:50","slug":"capellania","status":"publish","type":"page","link":"https:\/\/viaro.org\/en\/comunidad-y-servicios\/capellania\/","title":{"rendered":"Chaplaincy"},"content":{"rendered":"<p style=\"text-align: center;\"><strong>The school&#8217;s priestly care is entrusted to the Prelature of the Opus Dei.<\/strong><\/p>\n<p style=\"text-align: center;\"><strong>To know more:<\/strong><br \/>\n<strong><a href=\"http:\/\/www.opusdei.org\/es-es\/article\/llamados-a-ser-santos\/\" target=\"_blank\" rel=\"noopener noreferrer\">What is Opus Dei<\/a><\/strong><br \/>\n<strong><a href=\"http:\/\/www.es.josemariaescriva.info\/seccion\/biografia_san_josemaria\" target=\"_blank\" rel=\"noopener noreferrer\">Saint Josemar\u00eda Escriv\u00e1<\/a><\/strong><\/p>\n<p><img decoding=\"async\" class=\"alignnone size-full wp-image-572\" src=\"https:\/\/viaro.org\/wp-content\/uploads\/2018\/10\/atencion-sacerdotal.jpg\" alt=\"atenci\u00f3n sacerdotal\" width=\"604\" height=\"339\" srcset=\"https:\/\/viaro.org\/wp-content\/uploads\/2018\/10\/atencion-sacerdotal.jpg 604w, https:\/\/viaro.org\/wp-content\/uploads\/2018\/10\/atencion-sacerdotal-297x167.jpg 297w, https:\/\/viaro.org\/wp-content\/uploads\/2018\/10\/atencion-sacerdotal-300x168.jpg 300w, https:\/\/viaro.org\/wp-content\/uploads\/2018\/10\/atencion-sacerdotal-410x230.jpg 410w\" sizes=\"(max-width: 604px) 100vw, 604px\" \/><\/p>\n<h2>Priestly Care<\/h2>\n<p>Viar\u00f3 provides doctrinal guidance and priestly care to those parents, staff, students, and alumni who seek it.<\/p>\n<p><strong>Mass times:\u00a0<\/strong><\/p>\n<ul>\n<li>Monday to Friday: 8.30 AM (school days)<\/li>\n<li>Sundays and days of obligation: 12:15 PM (except in August)<\/li>\n<\/ul>\n<p>The Sacrament of Reconciliation is also offered from half an hour before the celebration.<\/p>\n<p><a href=\"https:\/\/viaro.org\/misas-del-tiempo-de-navidad\/\"><span style=\"color: #b2153f;\"><b>CHRISTMAS CELEBRATIONS 2024<\/b><\/span><\/a><\/p>\n<p><strong>Holidays and days of Obligation:<\/strong><\/p>\n<ul>\n<li>All Sundays of the year<\/li>\n<li>January 1<\/li>\n<li>January 6th<\/li>\n<li>August 15th<\/li>\n<li>November 1st<\/li>\n<li>December 8th<\/li>\n<li>December 25th<\/li>\n<\/ul>\n","protected":false},"excerpt":{"rendered":"<p>The school&#8217;s priestly care is entrusted to the Prelature of the Opus Dei. To know more: What is Opus Dei Saint Josemar\u00eda Escriv\u00e1 Priestly Care Viar\u00f3 provides doctrinal guidance and priestly care to those parents, staff, students, and alumni who seek it. Mass times:\u00a0 Monday to Friday: 8.30 AM (school days) Sundays and days of [&hellip;]<\/p>\n","protected":false},"author":2,"featured_media":603,"parent":1338,"menu_order":0,"comment_status":"closed","ping_status":"closed","template":"page-related.php","meta":{"_uag_custom_page_level_css":"","_joinchat":[],"footnotes":""},"class_list":["post-852","page","type-page","status-publish","has-post-thumbnail","hentry"],"uagb_featured_image_src":{"full":["https:\/\/viaro.org\/wp-content\/uploads\/2018\/11\/header-capellania.jpg",2880,752,false],"thumbnail":["https:\/\/viaro.org\/wp-content\/uploads\/2018\/11\/header-capellania-150x150.jpg",150,150,true],"medium":["https:\/\/viaro.org\/wp-content\/uploads\/2018\/11\/header-capellania-300x78.jpg",300,78,true],"medium_large":["https:\/\/viaro.org\/wp-content\/uploads\/2018\/11\/header-capellania-768x201.jpg",640,168,true],"large":["https:\/\/viaro.org\/wp-content\/uploads\/2018\/11\/header-capellania-1024x267.jpg",640,167,true],"1536x1536":["https:\/\/viaro.org\/wp-content\/uploads\/2018\/11\/header-capellania.jpg",1536,401,false],"2048x2048":["https:\/\/viaro.org\/wp-content\/uploads\/2018\/11\/header-capellania.jpg",2048,535,false],"related-content":["https:\/\/viaro.org\/wp-content\/uploads\/2018\/11\/header-capellania-297x167.jpg",297,167,true]},"uagb_author_info":{"display_name":"","author_link":"https:\/\/viaro.org\/en\/author\/"},"uagb_comment_info":0,"uagb_excerpt":"The school&#8217;s priestly care is entrusted to the Prelature of the Opus Dei. To know more: What is Opus Dei Saint Josemar\u00eda Escriv\u00e1 Priestly Care Viar\u00f3 provides doctrinal guidance and priestly care to those parents, staff, students, and alumni who seek it. Mass times:\u00a0 Monday to Friday: 8.30 AM (school days) Sundays and days of&hellip;","_links":{"self":[{"href":"https:\/\/viaro.org\/en\/wp-json\/wp\/v2\/pages\/852","targetHints":{"allow":["GET"]}}],"collection":[{"href":"https:\/\/viaro.org\/en\/wp-json\/wp\/v2\/pages"}],"about":[{"href":"https:\/\/viaro.org\/en\/wp-json\/wp\/v2\/types\/page"}],"author":[{"embeddable":true,"href":"https:\/\/viaro.org\/en\/wp-json\/wp\/v2\/users\/2"}],"replies":[{"embeddable":true,"href":"https:\/\/viaro.org\/en\/wp-json\/wp\/v2\/comments?post=852"}],"version-history":[{"count":12,"href":"https:\/\/viaro.org\/en\/wp-json\/wp\/v2\/pages\/852\/revisions"}],"predecessor-version":[{"id":25092,"href":"https:\/\/viaro.org\/en\/wp-json\/wp\/v2\/pages\/852\/revisions\/25092"}],"up":[{"embeddable":true,"href":"https:\/\/viaro.org\/en\/wp-json\/wp\/v2\/pages\/1338"}],"wp:featuredmedia":[{"embeddable":true,"href":"https:\/\/viaro.org\/en\/wp-json\/wp\/v2\/media\/603"}],"wp:attachment":[{"href":"https:\/\/viaro.org\/en\/wp-json\/wp\/v2\/media?parent=852"}],"curies":[{"name":"wp","href":"https:\/\/api.w.org\/{rel}","templated":true}]}}