{"id":95,"date":"2016-12-02T18:57:30","date_gmt":"2016-12-02T18:57:30","guid":{"rendered":"http:\/\/viaro.org\/unafinestraoberta\/?page_id=95"},"modified":"2022-04-28T11:52:31","modified_gmt":"2022-04-28T09:52:31","slug":"una-finestra-oberta","status":"publish","type":"page","link":"https:\/\/viaro.org\/unafinestraoberta\/una-finestra-oberta\/","title":{"rendered":"Una finestra oberta"},"content":{"rendered":"<p>Aquest blog \u00e9s una finestra oberta a Viar\u00f3 Infantil i un portal de comunicaci\u00f3.<\/p>\n<p>Aqu\u00ed compartirem projectes que es duguin a terme a les aules de Viar\u00f3 Infantil i tot tipus d'articles d'inter\u00e9s, ja siguin temes d'educaci\u00f3, activitats i plans per fer en fam\u00edlia.<\/p>\n<p>Volem inspirar i acompanyar a les mares i als pares en la seva tasca d'educadors, perqu\u00e8 re-descobreixin cada dia el m\u00f3n amb la mateixa passi\u00f3 que posen els seus fills en tot el que fan.<\/p>\n<p>Esperem que estigueu ben a gust!<\/p>\n<p>Benvinguts!<\/p>\n<p>Podeu rebre cada setmana els nostres articles per correu electr\u00f2nic fent click al bot\u00f3 de <strong><a href=\"http:\/\/unafinestraoberta.us14.list-manage.com\/subscribe?u=1dc8eb1eecce2965bcad86ee1&amp;id=0f877b1c2c\" target=\"_blank\" rel=\"noopener\">subscripci\u00f3<\/a><\/strong>.<\/p>\n<p><iframe loading=\"lazy\" title=\"Be Brave - Infantil Viar\u00f3 Global School\" width=\"500\" height=\"281\" src=\"https:\/\/www.youtube.com\/embed\/EBGJ83qeUbo?feature=oembed\" frameborder=\"0\" allow=\"accelerometer; autoplay; clipboard-write; encrypted-media; gyroscope; picture-in-picture; web-share\" referrerpolicy=\"strict-origin-when-cross-origin\" allowfullscreen><\/iframe><\/p>\n","protected":false},"excerpt":{"rendered":"<p>Aquest blog \u00e9s una finestra oberta a Viar\u00f3 Infantil i un portal de comunicaci\u00f3. Aqu\u00ed compartirem projectes que es duguin a terme a les aules de Viar\u00f3 Infantil i tot tipus d'articles d'inter\u00e9s, ja siguin temes d'educaci\u00f3, activitats i plans per fer en fam\u00edlia. Volem inspirar i acompanyar a les mares i als pares en [&hellip;]<\/p>\n","protected":false},"author":2,"featured_media":0,"parent":0,"menu_order":0,"comment_status":"closed","ping_status":"closed","template":"","meta":{"_acf_changed":false,"footnotes":""},"acf":[],"_links":{"self":[{"href":"https:\/\/viaro.org\/unafinestraoberta\/wp-json\/wp\/v2\/pages\/95"}],"collection":[{"href":"https:\/\/viaro.org\/unafinestraoberta\/wp-json\/wp\/v2\/pages"}],"about":[{"href":"https:\/\/viaro.org\/unafinestraoberta\/wp-json\/wp\/v2\/types\/page"}],"author":[{"embeddable":true,"href":"https:\/\/viaro.org\/unafinestraoberta\/wp-json\/wp\/v2\/users\/2"}],"replies":[{"embeddable":true,"href":"https:\/\/viaro.org\/unafinestraoberta\/wp-json\/wp\/v2\/comments?post=95"}],"version-history":[{"count":1,"href":"https:\/\/viaro.org\/unafinestraoberta\/wp-json\/wp\/v2\/pages\/95\/revisions"}],"predecessor-version":[{"id":8130,"href":"https:\/\/viaro.org\/unafinestraoberta\/wp-json\/wp\/v2\/pages\/95\/revisions\/8130"}],"wp:attachment":[{"href":"https:\/\/viaro.org\/unafinestraoberta\/wp-json\/wp\/v2\/media?parent=95"}],"curies":[{"name":"wp","href":"https:\/\/api.w.org\/{rel}","templated":true}]}}